{"id":8505,"date":"2022-02-08T08:11:02","date_gmt":"2022-02-08T08:11:02","guid":{"rendered":"https:\/\/lerkils-batvarv.se\/?post_type=product&#038;p=8505"},"modified":"2025-02-25T15:22:58","modified_gmt":"2025-02-25T15:22:58","slug":"quicksilver-activ-705-open","status":"publish","type":"product","link":"https:\/\/lerkils-batvarv.se\/en\/product\/quicksilver-activ-705-open\/","title":{"rendered":"Quicksilver Activ 705 Open"},"content":{"rendered":"<div class=\"kk-star-ratings kksr-auto kksr-align-left kksr-valign-top\"\n    data-payload='{&quot;align&quot;:&quot;left&quot;,&quot;id&quot;:&quot;8505&quot;,&quot;slug&quot;:&quot;default&quot;,&quot;valign&quot;:&quot;top&quot;,&quot;ignore&quot;:&quot;&quot;,&quot;reference&quot;:&quot;auto&quot;,&quot;class&quot;:&quot;&quot;,&quot;count&quot;:&quot;7&quot;,&quot;legendonly&quot;:&quot;&quot;,&quot;readonly&quot;:&quot;&quot;,&quot;score&quot;:&quot;3.9&quot;,&quot;starsonly&quot;:&quot;&quot;,&quot;best&quot;:&quot;5&quot;,&quot;gap&quot;:&quot;3&quot;,&quot;greet&quot;:&quot;Ge en recension product&quot;,&quot;legend&quot;:&quot;3.9\\\/5 - (7 {r\u00f6ster})&quot;,&quot;size&quot;:&quot;20&quot;,&quot;title&quot;:&quot;Quicksilver Activ 705 Open&quot;,&quot;width&quot;:&quot;88.2&quot;,&quot;_legend&quot;:&quot;{score}\\\/{best} - ({count} {r\u00f6ster})&quot;,&quot;font_factor&quot;:&quot;1.25&quot;}'>\n            \n<div class=\"kksr-stars\">\n    \n<div class=\"kksr-stars-inactive\">\n            <div class=\"kksr-star\" data-star=\"1\" style=\"padding-right: 3px\">\n            \n\n<div class=\"kksr-icon\" style=\"width: 20px; height: 20px;\"><\/div>\n        <\/div>\n            <div class=\"kksr-star\" data-star=\"2\" style=\"padding-right: 3px\">\n            \n\n<div class=\"kksr-icon\" style=\"width: 20px; height: 20px;\"><\/div>\n        <\/div>\n            <div class=\"kksr-star\" data-star=\"3\" style=\"padding-right: 3px\">\n            \n\n<div class=\"kksr-icon\" style=\"width: 20px; height: 20px;\"><\/div>\n        <\/div>\n            <div class=\"kksr-star\" data-star=\"4\" style=\"padding-right: 3px\">\n            \n\n<div class=\"kksr-icon\" style=\"width: 20px; height: 20px;\"><\/div>\n        <\/div>\n            <div class=\"kksr-star\" data-star=\"5\" style=\"padding-right: 3px\">\n            \n\n<div class=\"kksr-icon\" style=\"width: 20px; height: 20px;\"><\/div>\n        <\/div>\n    <\/div>\n    \n<div class=\"kksr-stars-active\" style=\"width: 88.2px;\">\n            <div class=\"kksr-star\" style=\"padding-right: 3px\">\n            \n\n<div class=\"kksr-icon\" style=\"width: 20px; height: 20px;\"><\/div>\n        <\/div>\n            <div class=\"kksr-star\" style=\"padding-right: 3px\">\n            \n\n<div class=\"kksr-icon\" style=\"width: 20px; height: 20px;\"><\/div>\n        <\/div>\n            <div class=\"kksr-star\" style=\"padding-right: 3px\">\n            \n\n<div class=\"kksr-icon\" style=\"width: 20px; height: 20px;\"><\/div>\n        <\/div>\n            <div class=\"kksr-star\" style=\"padding-right: 3px\">\n            \n\n<div class=\"kksr-icon\" style=\"width: 20px; height: 20px;\"><\/div>\n        <\/div>\n            <div class=\"kksr-star\" style=\"padding-right: 3px\">\n            \n\n<div class=\"kksr-icon\" style=\"width: 20px; height: 20px;\"><\/div>\n        <\/div>\n    <\/div>\n<\/div>\n                \n\n<div class=\"kksr-legend\" style=\"font-size: 16px;\">\n            3.9\/5 - (7 {r\u00f6ster})    <\/div>\n    <\/div>\n\t\t<div data-elementor-type=\"product-post\" data-elementor-id=\"8505\" class=\"elementor elementor-8505\" data-elementor-post-type=\"product\">\n\t\t\t\t<div class=\"elementor-element elementor-element-48827547 e-flex e-con-boxed e-con e-parent\" data-id=\"48827547\" data-element_type=\"container\">\n\t\t\t\t\t<div class=\"e-con-inner\">\n\t\t\t\t<div class=\"elementor-element elementor-element-3d2c1a8c elementor-widget elementor-widget-text-editor\" data-id=\"3d2c1a8c\" data-element_type=\"widget\" data-widget_type=\"text-editor.default\">\n\t\t\t\t<div class=\"elementor-widget-container\">\n\t\t\t<style>\/*! elementor - v3.22.0 - 24-06-2024 *\/\n.elementor-widget-text-editor.elementor-drop-cap-view-stacked .elementor-drop-cap{background-color:#69727d;color:#fff}.elementor-widget-text-editor.elementor-drop-cap-view-framed .elementor-drop-cap{color:#69727d;border:3px solid;background-color:transparent}.elementor-widget-text-editor:not(.elementor-drop-cap-view-default) .elementor-drop-cap{margin-top:8px}.elementor-widget-text-editor:not(.elementor-drop-cap-view-default) .elementor-drop-cap-letter{width:1em;height:1em}.elementor-widget-text-editor .elementor-drop-cap{float:left;text-align:center;line-height:1;font-size:50px}.elementor-widget-text-editor .elementor-drop-cap-letter{display:inline-block}<\/style>\t\t\t\t<h2>Quicksilver Activ 705 Open<\/h2><div class=\"row\"><div class=\"col-xs-4\"><div class=\"field body\"><p>Novelty<\/p><p>Med 705 Open fr\u00e5n Quicksilver f\u00e5r du stil, prestanda och m\u00e5ngsidighet. Med sin eleganta design och v\u00e4l tilltagna volym rymmer den upp till 8\u00a0personer. Perfekt f\u00f6r sp\u00e4nnande \u00e4ventyr p\u00e5 vattnet med familj och v\u00e4nner.<\/p><\/div><div class=\"data-box-item\">Total l\u00e4ngd<strong>7,16 m<\/strong><\/div><div class=\"data-box-item\">Skrovl\u00e4ngd<strong>6,45 m<\/strong><\/div><div class=\"data-box-item\">Total bredd<strong>2,55 m<\/strong><\/div><div class=\"data-box-item\">H\u00f6jd \u00f6ver vattenytan<strong>1,65 m<\/strong><\/div><div class=\"data-box-item\">B\u00e5tvikt utan motor<strong>1084 kg<\/strong><\/div><div class=\"data-box-item\">Max motorvikt<strong>239 kg<\/strong><\/div><div class=\"data-box-item\">Max belastning (Personer, utrustning, motor)<strong>690 kg<\/strong><\/div><div class=\"data-box-item\">Rig length<strong>XL<\/strong><\/div><div><div class=\"data-box-item\">Max motoreffekt<strong>225 hp (165 kw)<\/strong><\/div><div class=\"data-box-item\">Djupg\u00e5ende<strong>0,41 m<\/strong><\/div><div class=\"data-box-item\">F\u00e4rskvattentank<strong>45 l<\/strong><\/div><div class=\"data-box-item\">Br\u00e4nsletank volym<strong>200 l<\/strong><\/div><div class=\"data-box-item\">Br\u00e4nsletank typ<strong>Inbyggd<\/strong><\/div><div class=\"data-box-item\">B\u00e5th\u00f6jd<strong>2,10 m<\/strong><\/div><div class=\"data-box-item\">Max antal personer<strong>8<\/strong><\/div><div class=\"data-box-item\">CE-Kategori<strong>C<\/strong><\/div><div>\u00a0<\/div><\/div><div class=\"field body\"><p>STANDARD EQUIPMENT<br \/>\u2022Svarta r\u00e4cken i f\u00f6r\/vindruta\/ fribord \u2022St\u00e4vrulle \u2022Badstege \u2022Lanternor \u2022Ankarbox f\u00f6r \u2022Sj\u00e4lvl\u00e4nsande akterd\u00e4ck \u2022Sp\u00f6h\u00e5llare \u2022Badplattformar \u202212 V eluttag \u2022SmartCraft logg\/varvr\u00e4knare \u2022Active Trim 175 HP och upp \u2022Induktiv telefonladdare \u2022Akterb\u00e4nk \u2022Snurrbar f\u00f6rarstol med uppf\u00e4llbart l\u00e5rst\u00f6d \u2022Passagerarstol \u2022Sittbrunnsdynor \u2022Cockpit picnic-bord \u2022Stuvfack under aktre s\u00e4te \u20221 koy \u2022Kojdynor\/il\u00e4ggsdyna \u2022Innerbelysning \u2022F\u00f6rriggad f\u00f6r utombordare \u2022Batterisystem f\u00f6r ett batteri \u2022Elektrisk &amp; manuell l\u00e4nspump \u2022Hydraulisk styrning \u2022Koldioxidmonitor \u2022Brandsl\u00e4ckare \u2022VesselView Mobile<\/p><p>TILLVALSPAKET<\/p><p>SMARTEdition<br \/>\u2022Bord &amp; Solb\u00e4dd (konvertibel solb\u00e4dd f\u00f6r, dynor f\u00f6r) \u2022Vattenskidst\u00e5ng \u2022Fusion-stereo med 2 h\u00f6gtalare \u2022Dusch i sittbrunn \u2022Elektriskt ankarspel, f\u00f6r \u2022Uppgraderat sittbrunnsbord \u2022F\u00f6rt\u00f6jningspaket<\/p><p><br \/>OPTIONAL EQUIPMENT<br \/>\u2022Durk i Flexiteek \u2022F\u00e4rgat skrov (m\u00f6rkgr\u00e5) \u2022Vattenskidst\u00e5ng \u2022F\u00f6rl\u00e4ngda badplattformar \u2022F\u00f6rl\u00e4ngda badplattformar med Flexiteek \u2022Delar till extrastor solb\u00e4dd, f\u00f6r \u2022Bow kit (konvertibel solb\u00e4dd f\u00f6r, dynor f\u00f6r) TILLVALSUTRUSTNING \u2022Bord fr\u00e4mre sittbrunn \u2022Fusion-stereo med 2 h\u00f6gtalare \u2022Simrad GPS\/kartplotter Cruise 7 med HDI-givare \u2022Simrad GPS\/kartplotter 9&#8243; NSX med HDI-givare \u2022DAB-radiopaket med antenn \u2022Active Trim up to 150 HP \u2022Dusch i sittbrunn \u2022Uppgraderat sittbrunnsbord \u2022Elektriskt ankarspel, f\u00f6r \u2022F\u00f6rt\u00f6jningspaket \u2022Bimini \u2022Konsol- och stols\u00f6verdrag \u2022T-top med st\u00e5ngh\u00e5llare<\/p><p>Read more about engines from\u00a0<a href=\"https:\/\/www.suzukimarin.se\/\" target=\"_blank\" rel=\"noopener\">Suzuki<\/a>\u00a0or\u00a0<a href=\"https:\/\/www.mercurymarine.com\/sv\/se\/?gclid=CjwKCAiAksyNBhAPEiwAlDBeLGn0UU72HiKIPTSn3nIDeuZ2CaeYikm4yiET0_g-3gaWb5h5CmKjMxoCUqQQAvD_BwE\" target=\"_blank\" rel=\"noopener\">Mercury<\/a>\u00a0and also see the accessories in our\u00a0<a href=\"https:\/\/lerkils-batvarv.se\/en\/prislista\/\" target=\"_blank\" rel=\"noopener\">price list &gt;&gt;<\/a><\/p><p>More about <a href=\"https:\/\/lerkils-batvarv.se\/en\/batar-quicksilver-2\/\" target=\"_blank\" rel=\"noopener\">Quicksilver &gt;&gt;<\/a><\/p><\/div><\/div><\/div>\t\t\t\t\t\t<\/div>\n\t\t\t\t<\/div>\n\t\t\t\t\t<\/div>\n\t\t\t\t<\/div>\n\t\t\t\t<\/div>","protected":false},"excerpt":{"rendered":"<p>Activ 705 Open<\/p>\n<p>L\u00e4ngd: 7,16 m<br \/>\nWidth: 2.55 m<br \/>\nVikt: 1084 kg<br \/>\nNumber of people: 8<br \/>\nMax engine: 225 hp<\/p>","protected":false},"featured_media":13247,"comment_status":"open","ping_status":"closed","template":"","meta":{"_acf_changed":false,"site-sidebar-layout":"default","site-content-layout":"default","ast-site-content-layout":"default","site-content-style":"default","site-sidebar-style":"default","ast-global-header-display":"","ast-banner-title-visibility":"","ast-main-header-display":"","ast-hfb-above-header-display":"","ast-hfb-below-header-display":"","ast-hfb-mobile-header-display":"","site-post-title":"","ast-breadcrumbs-content":"","ast-featured-img":"","footer-sml-layout":"","theme-transparent-header-meta":"default","adv-header-id-meta":"","stick-header-meta":"","header-above-stick-meta":"","header-main-stick-meta":"","header-below-stick-meta":"","astra-migrate-meta-layouts":"set","ast-page-background-enabled":"default","ast-page-background-meta":{"desktop":{"background-color":"","background-image":"","background-repeat":"repeat","background-position":"center center","background-size":"auto","background-attachment":"scroll","background-type":"","background-media":"","overlay-type":"","overlay-color":"","overlay-opacity":"","overlay-gradient":""},"tablet":{"background-color":"","background-image":"","background-repeat":"repeat","background-position":"center center","background-size":"auto","background-attachment":"scroll","background-type":"","background-media":"","overlay-type":"","overlay-color":"","overlay-opacity":"","overlay-gradient":""},"mobile":{"background-color":"","background-image":"","background-repeat":"repeat","background-position":"center center","background-size":"auto","background-attachment":"scroll","background-type":"","background-media":"","overlay-type":"","overlay-color":"","overlay-opacity":"","overlay-gradient":""}},"ast-content-background-meta":{"desktop":{"background-color":"var(--ast-global-color-5)","background-image":"","background-repeat":"repeat","background-position":"center center","background-size":"auto","background-attachment":"scroll","background-type":"","background-media":"","overlay-type":"","overlay-color":"","overlay-opacity":"","overlay-gradient":""},"tablet":{"background-color":"var(--ast-global-color-5)","background-image":"","background-repeat":"repeat","background-position":"center center","background-size":"auto","background-attachment":"scroll","background-type":"","background-media":"","overlay-type":"","overlay-color":"","overlay-opacity":"","overlay-gradient":""},"mobile":{"background-color":"var(--ast-global-color-5)","background-image":"","background-repeat":"repeat","background-position":"center center","background-size":"auto","background-attachment":"scroll","background-type":"","background-media":"","overlay-type":"","overlay-color":"","overlay-opacity":"","overlay-gradient":""}}},"brand":[110],"product_cat":[37,75],"product_tag":[78],"class_list":{"0":"post-8505","1":"product","2":"type-product","3":"status-publish","4":"has-post-thumbnail","6":"brand-quicksilver","7":"product_cat-quicksilver","8":"product_cat-walkaround","9":"product_tag-pilothouse","10":"desktop-align-left","11":"tablet-align-left","12":"mobile-align-left","14":"first","15":"instock","16":"shipping-taxable","17":"product-type-simple"},"acf":[],"_links":{"self":[{"href":"https:\/\/lerkils-batvarv.se\/en\/wp-json\/wp\/v2\/product\/8505"}],"collection":[{"href":"https:\/\/lerkils-batvarv.se\/en\/wp-json\/wp\/v2\/product"}],"about":[{"href":"https:\/\/lerkils-batvarv.se\/en\/wp-json\/wp\/v2\/types\/product"}],"replies":[{"embeddable":true,"href":"https:\/\/lerkils-batvarv.se\/en\/wp-json\/wp\/v2\/comments?post=8505"}],"version-history":[{"count":10,"href":"https:\/\/lerkils-batvarv.se\/en\/wp-json\/wp\/v2\/product\/8505\/revisions"}],"predecessor-version":[{"id":13283,"href":"https:\/\/lerkils-batvarv.se\/en\/wp-json\/wp\/v2\/product\/8505\/revisions\/13283"}],"wp:featuredmedia":[{"embeddable":true,"href":"https:\/\/lerkils-batvarv.se\/en\/wp-json\/wp\/v2\/media\/13247"}],"wp:attachment":[{"href":"https:\/\/lerkils-batvarv.se\/en\/wp-json\/wp\/v2\/media?parent=8505"}],"wp:term":[{"taxonomy":"brand","embeddable":true,"href":"https:\/\/lerkils-batvarv.se\/en\/wp-json\/wp\/v2\/brand?post=8505"},{"taxonomy":"product_cat","embeddable":true,"href":"https:\/\/lerkils-batvarv.se\/en\/wp-json\/wp\/v2\/product_cat?post=8505"},{"taxonomy":"product_tag","embeddable":true,"href":"https:\/\/lerkils-batvarv.se\/en\/wp-json\/wp\/v2\/product_tag?post=8505"}],"curies":[{"name":"wp","href":"https:\/\/api.w.org\/{rel}","templated":true}]}}