{"id":8379,"date":"2022-01-20T09:34:34","date_gmt":"2022-01-20T09:34:34","guid":{"rendered":"https:\/\/lerkils-batvarv.se\/?post_type=product&#038;p=8379"},"modified":"2024-06-14T12:37:20","modified_gmt":"2024-06-14T12:37:20","slug":"falcon-brs-4","status":"publish","type":"product","link":"https:\/\/lerkils-batvarv.se\/en\/product\/falcon-brs-4\/","title":{"rendered":"Falcon BRs 4"},"content":{"rendered":"<div class=\"kk-star-ratings kksr-auto kksr-align-left kksr-valign-top\"\n    data-payload='{&quot;align&quot;:&quot;left&quot;,&quot;id&quot;:&quot;8379&quot;,&quot;slug&quot;:&quot;default&quot;,&quot;valign&quot;:&quot;top&quot;,&quot;ignore&quot;:&quot;&quot;,&quot;reference&quot;:&quot;auto&quot;,&quot;class&quot;:&quot;&quot;,&quot;count&quot;:&quot;22&quot;,&quot;legendonly&quot;:&quot;&quot;,&quot;readonly&quot;:&quot;&quot;,&quot;score&quot;:&quot;3.7&quot;,&quot;starsonly&quot;:&quot;&quot;,&quot;best&quot;:&quot;5&quot;,&quot;gap&quot;:&quot;3&quot;,&quot;greet&quot;:&quot;Ge en recension product&quot;,&quot;legend&quot;:&quot;3.7\\\/5 - (22 {r\u00f6ster})&quot;,&quot;size&quot;:&quot;20&quot;,&quot;title&quot;:&quot;Falcon BRs 4&quot;,&quot;width&quot;:&quot;83.6&quot;,&quot;_legend&quot;:&quot;{score}\\\/{best} - ({count} {r\u00f6ster})&quot;,&quot;font_factor&quot;:&quot;1.25&quot;}'>\n            \n<div class=\"kksr-stars\">\n    \n<div class=\"kksr-stars-inactive\">\n            <div class=\"kksr-star\" data-star=\"1\" style=\"padding-right: 3px\">\n            \n\n<div class=\"kksr-icon\" style=\"width: 20px; height: 20px;\"><\/div>\n        <\/div>\n            <div class=\"kksr-star\" data-star=\"2\" style=\"padding-right: 3px\">\n            \n\n<div class=\"kksr-icon\" style=\"width: 20px; height: 20px;\"><\/div>\n        <\/div>\n            <div class=\"kksr-star\" data-star=\"3\" style=\"padding-right: 3px\">\n            \n\n<div class=\"kksr-icon\" style=\"width: 20px; height: 20px;\"><\/div>\n        <\/div>\n            <div class=\"kksr-star\" data-star=\"4\" style=\"padding-right: 3px\">\n            \n\n<div class=\"kksr-icon\" style=\"width: 20px; height: 20px;\"><\/div>\n        <\/div>\n            <div class=\"kksr-star\" data-star=\"5\" style=\"padding-right: 3px\">\n            \n\n<div class=\"kksr-icon\" style=\"width: 20px; height: 20px;\"><\/div>\n        <\/div>\n    <\/div>\n    \n<div class=\"kksr-stars-active\" style=\"width: 83.6px;\">\n            <div class=\"kksr-star\" style=\"padding-right: 3px\">\n            \n\n<div class=\"kksr-icon\" style=\"width: 20px; height: 20px;\"><\/div>\n        <\/div>\n            <div class=\"kksr-star\" style=\"padding-right: 3px\">\n            \n\n<div class=\"kksr-icon\" style=\"width: 20px; height: 20px;\"><\/div>\n        <\/div>\n            <div class=\"kksr-star\" style=\"padding-right: 3px\">\n            \n\n<div class=\"kksr-icon\" style=\"width: 20px; height: 20px;\"><\/div>\n        <\/div>\n            <div class=\"kksr-star\" style=\"padding-right: 3px\">\n            \n\n<div class=\"kksr-icon\" style=\"width: 20px; height: 20px;\"><\/div>\n        <\/div>\n            <div class=\"kksr-star\" style=\"padding-right: 3px\">\n            \n\n<div class=\"kksr-icon\" style=\"width: 20px; height: 20px;\"><\/div>\n        <\/div>\n    <\/div>\n<\/div>\n                \n\n<div class=\"kksr-legend\" style=\"font-size: 16px;\">\n            3.7\/5 - (22 {r\u00f6ster})    <\/div>\n    <\/div>\n\t\t<div data-elementor-type=\"product-post\" data-elementor-id=\"8379\" class=\"elementor elementor-8379\" data-elementor-post-type=\"product\">\n\t\t\t\t<div class=\"elementor-element elementor-element-3b61a708 e-flex e-con-boxed e-con e-parent\" data-id=\"3b61a708\" data-element_type=\"container\">\n\t\t\t\t\t<div class=\"e-con-inner\">\n\t\t\t\t<div class=\"elementor-element elementor-element-4baa7de8 elementor-widget elementor-widget-text-editor\" data-id=\"4baa7de8\" data-element_type=\"widget\" data-widget_type=\"text-editor.default\">\n\t\t\t\t<div class=\"elementor-widget-container\">\n\t\t\t<style>\/*! elementor - v3.22.0 - 24-06-2024 *\/\n.elementor-widget-text-editor.elementor-drop-cap-view-stacked .elementor-drop-cap{background-color:#69727d;color:#fff}.elementor-widget-text-editor.elementor-drop-cap-view-framed .elementor-drop-cap{color:#69727d;border:3px solid;background-color:transparent}.elementor-widget-text-editor:not(.elementor-drop-cap-view-default) .elementor-drop-cap{margin-top:8px}.elementor-widget-text-editor:not(.elementor-drop-cap-view-default) .elementor-drop-cap-letter{width:1em;height:1em}.elementor-widget-text-editor .elementor-drop-cap{float:left;text-align:center;line-height:1;font-size:50px}.elementor-widget-text-editor .elementor-drop-cap-letter{display:inline-block}<\/style>\t\t\t\t<h2>Falcon BRs 4<\/h2>\r\nFalcon BRs 4 &#8211; Full av k\u00f6rgl\u00e4dja. Den minsta medlemmen i Falconfamiljen. Falcon BRs 4 visar vad som h\u00e4nder n\u00e4r utm\u00e4rkta k\u00f6regenskaper kombineras med smarta utrymmesl\u00f6sningar.\r\n\r\nDet h\u00e4r \u00e4r en m\u00e5ngsidig b\u00e5t som \u00e4r stark och smidig nog f\u00f6r de skarpaste kurvorna. Falcon BRs 4 har en extremt l\u00e5g planingstr\u00f6skel . B\u00e5tens m\u00e5nga fina stuvfack samt lagringsutrymmet under durk l\u00e5ter dig ta l\u00e4ngre fiske- och n\u00f6jesturer i full komfort.\r\n\r\n<span id=\"page11R_mcid0\" class=\"markedContent\"><span dir=\"ltr\" role=\"presentation\">Falcon BRs 4 (back seats) is a brand-new member of Falcon\u2013the family. Models running from the affidavit enable more versatility for boats in this size class than what BR models make. The starting point of the development work was to make a boat that can be used alone or in groups, for recreational fishing, water sports, transportation, cottage \u2013 and day trips, i.e. to make a real \"multitasker\". Apart from this, the model must travel smoothly with reasonable engine power, be transportable with a brakeless trailer and be a high-quality and affordable boat model, just like the other Falcons\u2013models.<\/span><\/span><span id=\"page11R_mcid1\" class=\"markedContent\"> <span dir=\"ltr\" role=\"presentation\">seats<\/span><\/span><span id=\"page11R_mcid2\" class=\"markedContent\"><span dir=\"ltr\" role=\"presentation\">) is a brand new member of<\/span><\/span><span id=\"page11R_mcid3\" class=\"markedContent\"> <span dir=\"ltr\" role=\"presentation\">Falcon<\/span><\/span><span id=\"page11R_mcid4\" class=\"markedContent\"><span dir=\"ltr\" role=\"presentation\">&#8211;<\/span><\/span><span id=\"page11R_mcid5\" class=\"markedContent\"><span dir=\"ltr\" role=\"presentation\">the family<\/span><\/span><span id=\"page11R_mcid6\" class=\"markedContent\"><span dir=\"ltr\" role=\"presentation\">. Models running from<\/span><\/span><span id=\"page11R_mcid7\" class=\"markedContent\"> <span dir=\"ltr\" role=\"presentation\">the affidavit<\/span><\/span><span id=\"page11R_mcid8\" class=\"markedContent\"><br role=\"presentation\" \/><span dir=\"ltr\" role=\"presentation\">enables more versatility for<\/span><\/span><span id=\"page11R_mcid9\" class=\"markedContent\"> <span dir=\"ltr\" role=\"presentation\">boats in this size class<\/span><\/span><span id=\"page11R_mcid10\" class=\"markedContent\"> <span dir=\"ltr\" role=\"presentation\">than<\/span><\/span><span id=\"page11R_mcid11\" class=\"markedContent\"> <span dir=\"ltr\" role=\"presentation\">what BR<\/span><\/span><span id=\"page11R_mcid12\" class=\"markedContent\"><span dir=\"ltr\" role=\"presentation\">&#8211;<\/span><\/span><span id=\"page11R_mcid13\" class=\"markedContent\"><span dir=\"ltr\" role=\"presentation\">the models<\/span><\/span><span id=\"page11R_mcid14\" class=\"markedContent\"> <span dir=\"ltr\" role=\"presentation\">makes. The starting point<\/span><\/span><span id=\"page11R_mcid15\" class=\"markedContent\"><br role=\"presentation\" \/><span dir=\"ltr\" role=\"presentation\">for the development work was to make a boat that can be used alone or in groups, for recreational fishing,<\/span><\/span><span id=\"page11R_mcid16\" class=\"markedContent\"><br role=\"presentation\" \/><span dir=\"ltr\" role=\"presentation\">water sports, transportation,<\/span><\/span><span id=\"page11R_mcid17\" class=\"markedContent\"> <span dir=\"ltr\" role=\"presentation\">cottage<\/span><\/span><span id=\"page11R_mcid18\" class=\"markedContent\"> <span dir=\"ltr\" role=\"presentation\">\u2013<\/span><\/span><span id=\"page11R_mcid19\" class=\"markedContent\"> <span dir=\"ltr\" role=\"presentation\">and day trips,<\/span><\/span><span id=\"page11R_mcid20\" class=\"markedContent\"> <span dir=\"ltr\" role=\"presentation\">i.e.<\/span><\/span><span id=\"page11R_mcid21\" class=\"markedContent\"> <span dir=\"ltr\" role=\"presentation\">to make a real \"multitasker\". Apart from this<\/span><\/span><span id=\"page11R_mcid22\" class=\"markedContent\"><br role=\"presentation\" \/><span dir=\"ltr\" role=\"presentation\">the model must travel<\/span><\/span><span id=\"page11R_mcid23\" class=\"markedContent\"> <span dir=\"ltr\" role=\"presentation\">sound<\/span><\/span><span id=\"page11R_mcid24\" class=\"markedContent\"><span dir=\"ltr\" role=\"presentation\">t<\/span><\/span><span id=\"page11R_mcid25\" class=\"markedContent\"> <span dir=\"ltr\" role=\"presentation\">and smooth with reasonable engine power, be transportable with a brakeless<\/span><\/span><span id=\"page11R_mcid26\" class=\"markedContent\"><br role=\"presentation\" \/><span dir=\"ltr\" role=\"presentation\">trailer and be a high-quality and affordable boat model, just like the other Falcons<\/span><\/span><span id=\"page11R_mcid27\" class=\"markedContent\"><span dir=\"ltr\" role=\"presentation\">&#8211;<\/span><\/span><span id=\"page11R_mcid28\" class=\"markedContent\"><span dir=\"ltr\" role=\"presentation\">models.<\/span><\/span><span id=\"page11R_mcid29\" class=\"markedContent\"><br role=\"presentation\" \/><\/span>\r\n\r\n<span id=\"page11R_mcid29\" class=\"markedContent\"><span dir=\"ltr\" role=\"presentation\">FALCON BRs 4 sought new or further developed applications that are integrated, fixed and\/or<\/span><\/span><span id=\"page11R_mcid30\" class=\"markedContent\"><br role=\"presentation\" \/><span dir=\"ltr\" role=\"presentation\">adaptable.<\/span><\/span><span id=\"page11R_mcid31\" class=\"markedContent\"><br role=\"presentation\" \/><span dir=\"ltr\" role=\"presentation\">The starting point was not easy. Bella<\/span><\/span><span id=\"page11R_mcid32\" class=\"markedContent\"><span dir=\"ltr\" role=\"presentation\">&#8211;<\/span><\/span><span id=\"page11R_mcid33\" class=\"markedContent\"><span dir=\"ltr\" role=\"presentation\">Boat&#039;s own team of four was responsible for the model&#039;s design<\/span><\/span><span id=\"page11R_mcid34\" class=\"markedContent\"><br role=\"presentation\" \/><span dir=\"ltr\" role=\"presentation\">and product development. The team has decades of experience with boats of various sizes and brands.<\/span><\/span><span id=\"page11R_mcid35\" class=\"markedContent\"><br role=\"presentation\" \/><span dir=\"ltr\" role=\"presentation\">Now, as a result, we can proudly say that we managed to achieve the set goal.<\/span><\/span>\r\n\r\nSTANDARDUTRUSTNING\r\nLjudisolerat skrov\r\n\r\nSkrov utan steglister\r\n\r\nNFB Styrning\r\n\r\nVindsk\u00e4rm i h\u00e4rdat glas\r\n\r\nDynor i aktern\r\n\r\nKapellgarage\r\n\r\nF\u00f6rvaring i aktern (ankare+lina)\r\n\r\nPlats f\u00f6r elmotor i f\u00f6ren\r\n\r\nFast br\u00e4nsletank 55L\r\n\r\nL\u00e4s mer om motorer fr\u00e5n\u00a0<a href=\"https:\/\/www.suzukimarin.se\/\" target=\"_blank\" rel=\"noopener\">Suzuki<\/a>\u00a0or\u00a0<a href=\"https:\/\/www.mercurymarine.com\/sv\/se\/?gclid=CjwKCAiAksyNBhAPEiwAlDBeLGn0UU72HiKIPTSn3nIDeuZ2CaeYikm4yiET0_g-3gaWb5h5CmKjMxoCUqQQAvD_BwE\" target=\"_blank\" rel=\"noopener\">Mercury<\/a> and also see the accessories in our <a href=\"https:\/\/lerkils-batvarv.se\/en\/prislista\/\" target=\"_blank\" rel=\"noopener\">price list &gt;&gt;<\/a>\r\n\r\nMore about <a href=\"https:\/\/lerkils-batvarv.se\/en\/falcon\/\">Falcon &gt;&gt;<\/a>\t\t\t\t\t\t<\/div>\n\t\t\t\t<\/div>\n\t\t\t\t\t<\/div>\n\t\t\t\t<\/div>\n\t\t\t\t<\/div>","protected":false},"excerpt":{"rendered":"<p>Length: 4.90 m<br \/>\nWidth: 1.98 m<br \/>\nWeight: 460 kg<br \/>\nNumber of people: 5<br \/>\nMax engine: 60 hp<\/p>","protected":false},"featured_media":8381,"comment_status":"open","ping_status":"closed","template":"","meta":{"_acf_changed":false,"site-sidebar-layout":"default","site-content-layout":"default","ast-site-content-layout":"default","site-content-style":"default","site-sidebar-style":"default","ast-global-header-display":"","ast-banner-title-visibility":"","ast-main-header-display":"","ast-hfb-above-header-display":"","ast-hfb-below-header-display":"","ast-hfb-mobile-header-display":"","site-post-title":"","ast-breadcrumbs-content":"","ast-featured-img":"","footer-sml-layout":"","theme-transparent-header-meta":"default","adv-header-id-meta":"","stick-header-meta":"","header-above-stick-meta":"","header-main-stick-meta":"","header-below-stick-meta":"","astra-migrate-meta-layouts":"set","ast-page-background-enabled":"default","ast-page-background-meta":{"desktop":{"background-color":"","background-image":"","background-repeat":"repeat","background-position":"center center","background-size":"auto","background-attachment":"scroll","background-type":"","background-media":"","overlay-type":"","overlay-color":"","overlay-opacity":"","overlay-gradient":""},"tablet":{"background-color":"","background-image":"","background-repeat":"repeat","background-position":"center center","background-size":"auto","background-attachment":"scroll","background-type":"","background-media":"","overlay-type":"","overlay-color":"","overlay-opacity":"","overlay-gradient":""},"mobile":{"background-color":"","background-image":"","background-repeat":"repeat","background-position":"center center","background-size":"auto","background-attachment":"scroll","background-type":"","background-media":"","overlay-type":"","overlay-color":"","overlay-opacity":"","overlay-gradient":""}},"ast-content-background-meta":{"desktop":{"background-color":"var(--ast-global-color-5)","background-image":"","background-repeat":"repeat","background-position":"center center","background-size":"auto","background-attachment":"scroll","background-type":"","background-media":"","overlay-type":"","overlay-color":"","overlay-opacity":"","overlay-gradient":""},"tablet":{"background-color":"var(--ast-global-color-5)","background-image":"","background-repeat":"repeat","background-position":"center center","background-size":"auto","background-attachment":"scroll","background-type":"","background-media":"","overlay-type":"","overlay-color":"","overlay-opacity":"","overlay-gradient":""},"mobile":{"background-color":"var(--ast-global-color-5)","background-image":"","background-repeat":"repeat","background-position":"center center","background-size":"auto","background-attachment":"scroll","background-type":"","background-media":"","overlay-type":"","overlay-color":"","overlay-opacity":"","overlay-gradient":""}}},"brand":[106],"product_cat":[15,53],"product_tag":[54],"class_list":{"0":"post-8379","1":"product","2":"type-product","3":"status-publish","4":"has-post-thumbnail","6":"brand-falcon","7":"product_cat-falcon","8":"product_cat-bow-rider","9":"product_tag-bow-rider","10":"desktop-align-left","11":"tablet-align-left","12":"mobile-align-left","14":"first","15":"instock","16":"shipping-taxable","17":"product-type-simple"},"acf":[],"_links":{"self":[{"href":"https:\/\/lerkils-batvarv.se\/en\/wp-json\/wp\/v2\/product\/8379"}],"collection":[{"href":"https:\/\/lerkils-batvarv.se\/en\/wp-json\/wp\/v2\/product"}],"about":[{"href":"https:\/\/lerkils-batvarv.se\/en\/wp-json\/wp\/v2\/types\/product"}],"replies":[{"embeddable":true,"href":"https:\/\/lerkils-batvarv.se\/en\/wp-json\/wp\/v2\/comments?post=8379"}],"version-history":[{"count":4,"href":"https:\/\/lerkils-batvarv.se\/en\/wp-json\/wp\/v2\/product\/8379\/revisions"}],"predecessor-version":[{"id":12941,"href":"https:\/\/lerkils-batvarv.se\/en\/wp-json\/wp\/v2\/product\/8379\/revisions\/12941"}],"wp:featuredmedia":[{"embeddable":true,"href":"https:\/\/lerkils-batvarv.se\/en\/wp-json\/wp\/v2\/media\/8381"}],"wp:attachment":[{"href":"https:\/\/lerkils-batvarv.se\/en\/wp-json\/wp\/v2\/media?parent=8379"}],"wp:term":[{"taxonomy":"brand","embeddable":true,"href":"https:\/\/lerkils-batvarv.se\/en\/wp-json\/wp\/v2\/brand?post=8379"},{"taxonomy":"product_cat","embeddable":true,"href":"https:\/\/lerkils-batvarv.se\/en\/wp-json\/wp\/v2\/product_cat?post=8379"},{"taxonomy":"product_tag","embeddable":true,"href":"https:\/\/lerkils-batvarv.se\/en\/wp-json\/wp\/v2\/product_tag?post=8379"}],"curies":[{"name":"wp","href":"https:\/\/api.w.org\/{rel}","templated":true}]}}