{"id":3442,"date":"2021-02-26T13:30:11","date_gmt":"2021-02-26T13:30:11","guid":{"rendered":"https:\/\/lerkils-batvarv.se\/?post_type=product&#038;p=3442"},"modified":"2024-05-12T09:05:22","modified_gmt":"2024-05-12T09:05:22","slug":"quicksilver-activ-805-open","status":"publish","type":"product","link":"https:\/\/lerkils-batvarv.se\/en\/product\/quicksilver-activ-805-open\/","title":{"rendered":"Quicksilver Activ 805 Open"},"content":{"rendered":"<div class=\"kk-star-ratings kksr-auto kksr-align-left kksr-valign-top\"\n    data-payload='{&quot;align&quot;:&quot;left&quot;,&quot;id&quot;:&quot;3442&quot;,&quot;slug&quot;:&quot;default&quot;,&quot;valign&quot;:&quot;top&quot;,&quot;ignore&quot;:&quot;&quot;,&quot;reference&quot;:&quot;auto&quot;,&quot;class&quot;:&quot;&quot;,&quot;count&quot;:&quot;9&quot;,&quot;legendonly&quot;:&quot;&quot;,&quot;readonly&quot;:&quot;&quot;,&quot;score&quot;:&quot;3.9&quot;,&quot;starsonly&quot;:&quot;&quot;,&quot;best&quot;:&quot;5&quot;,&quot;gap&quot;:&quot;3&quot;,&quot;greet&quot;:&quot;Ge en recension product&quot;,&quot;legend&quot;:&quot;3.9\\\/5 - (9 {r\u00f6ster})&quot;,&quot;size&quot;:&quot;20&quot;,&quot;title&quot;:&quot;Quicksilver Activ 805 Open&quot;,&quot;width&quot;:&quot;88.2&quot;,&quot;_legend&quot;:&quot;{score}\\\/{best} - ({count} {r\u00f6ster})&quot;,&quot;font_factor&quot;:&quot;1.25&quot;}'>\n            \n<div class=\"kksr-stars\">\n    \n<div class=\"kksr-stars-inactive\">\n            <div class=\"kksr-star\" data-star=\"1\" style=\"padding-right: 3px\">\n            \n\n<div class=\"kksr-icon\" style=\"width: 20px; height: 20px;\"><\/div>\n        <\/div>\n            <div class=\"kksr-star\" data-star=\"2\" style=\"padding-right: 3px\">\n            \n\n<div class=\"kksr-icon\" style=\"width: 20px; height: 20px;\"><\/div>\n        <\/div>\n            <div class=\"kksr-star\" data-star=\"3\" style=\"padding-right: 3px\">\n            \n\n<div class=\"kksr-icon\" style=\"width: 20px; height: 20px;\"><\/div>\n        <\/div>\n            <div class=\"kksr-star\" data-star=\"4\" style=\"padding-right: 3px\">\n            \n\n<div class=\"kksr-icon\" style=\"width: 20px; height: 20px;\"><\/div>\n        <\/div>\n            <div class=\"kksr-star\" data-star=\"5\" style=\"padding-right: 3px\">\n            \n\n<div class=\"kksr-icon\" style=\"width: 20px; height: 20px;\"><\/div>\n        <\/div>\n    <\/div>\n    \n<div class=\"kksr-stars-active\" style=\"width: 88.2px;\">\n            <div class=\"kksr-star\" style=\"padding-right: 3px\">\n            \n\n<div class=\"kksr-icon\" style=\"width: 20px; height: 20px;\"><\/div>\n        <\/div>\n            <div class=\"kksr-star\" style=\"padding-right: 3px\">\n            \n\n<div class=\"kksr-icon\" style=\"width: 20px; height: 20px;\"><\/div>\n        <\/div>\n            <div class=\"kksr-star\" style=\"padding-right: 3px\">\n            \n\n<div class=\"kksr-icon\" style=\"width: 20px; height: 20px;\"><\/div>\n        <\/div>\n            <div class=\"kksr-star\" style=\"padding-right: 3px\">\n            \n\n<div class=\"kksr-icon\" style=\"width: 20px; height: 20px;\"><\/div>\n        <\/div>\n            <div class=\"kksr-star\" style=\"padding-right: 3px\">\n            \n\n<div class=\"kksr-icon\" style=\"width: 20px; height: 20px;\"><\/div>\n        <\/div>\n    <\/div>\n<\/div>\n                \n\n<div class=\"kksr-legend\" style=\"font-size: 16px;\">\n            3.9\/5 - (9 {votes})    <\/div>\n    <\/div>\n<h2>Quicksilver Activ 805 Open<\/h2>\n<div class=\"row\">\n<div class=\"col-xs-4\">\n<div class=\"field body\">\n<h6>Fly vardagen<\/h6>\n<p class=\"text-gray\">Maximera din outdoor-upplevelse, oavsett om det \u00e4r p\u00e5 hemmasj\u00f6n eller till havs. Med helt nya Quicksilver 805 Open kryssar du bekv\u00e4mt l\u00e4ngs kusten med upptill 9 personer ombord och flexibla sittm\u00f6jligheter, h\u00f6ga fribord och klassens bredaste kabin. Varje resa blir till ett \u00e4ventyr med flexibla funktioner som ger plats att umg\u00e5s, fiska eller bara koppla av. L\u00e4mna vardagens bekymmer bakom dig och kryssa timme efter timme med en kraftfull motor p\u00e5 upp till 300 hk.<\/p>\n<p>STANDARD EQUIPMENT<br \/>\n\u2022St\u00e4vrulle<br \/>\n\u2022Badstege<br \/>\n\u2022Lanternor<br \/>\n\u2022Ankarbox f\u00f6r<br \/>\n\u2022Sj\u00e4lvl\u00e4nsande akterd\u00e4ck<br \/>\n\u2022Sp\u00f6h\u00e5llare<br \/>\n\u2022Badplattformar<br \/>\n\u2022LED-trivselbelysning<br \/>\n\u2022Dynor f\u00f6r<br \/>\n\u2022SmartCraft logg\/varvr\u00e4knare<br \/>\n\u2022St\u00e4llbar ratt<br \/>\n\u2022Snurrbar f\u00f6rarstol med uppf\u00e4llbart l\u00e5rst\u00f6d<br \/>\n\u2022Passagerarstol<br \/>\n\u2022Akterb\u00e4nk<br \/>\n\u2022Stuvfack under aktre s\u00e4te<br \/>\n\u2022Sittbrunnsdynor<br \/>\n\u2022Cockpit picnic-bord<br \/>\n\u2022Innerbelysning<br \/>\n\u2022\u00d6ppningsbara ventiler\/ sidof\u00f6nster<br \/>\n\u2022VesselView Mobile<br \/>\n\u2022Active Trim<br \/>\n\u2022Batterisystem f\u00f6r dubbla<br \/>\nbatterier<br \/>\n\u2022Koldioxidmonitor<br \/>\n\u2022Brandsl\u00e4ckare<br \/>\n\u2022Hydraulisk styrning<br \/>\n\u2022F\u00f6rriggad f\u00f6r utombordare<\/p>\n<hr \/>\n<p>&nbsp;<\/p>\n<p>PACKAGE<br \/>\nSmart Edition<br \/>\n\u2022Ryggst\u00f6dsdyna, f\u00f6r<br \/>\n\u2022Uppgraderat sittbrunnsbord<br \/>\n\u2022Kojdynor\/il\u00e4ggsdyna<br \/>\n\u2022F\u00f6rt\u00f6jningspaket<br \/>\n\u2022Utf\u00e4llbar sittb\u00e4nk om styrbord &amp; babord<br \/>\n\u2022Elektriskt ankarspel, f\u00f6r<br \/>\n\u2022Konvertibel solb\u00e4dd, f\u00f6r<br \/>\n\u2022Sittbrunnsbord i teak<br \/>\nFishing package<br \/>\n\u2022Svarta r\u00e4cken i f\u00f6r\/vindruta\/ fribord<br \/>\n\u2022Vitt skrov med specialfoliering f\u00f6r Fishing edition<br \/>\n\u2022Pentry<br \/>\n\u2022Sj\u00f6vattenkran<br \/>\nElectronics package<br \/>\n\u2022Simrad GPS\/kartplotter 9&#8243; NSS Evo3s med HDI-givare<br \/>\n\u2022VesselView link<br \/>\n\u2022Fusion-stereo med 4 h\u00f6gtalare Elektronikpaket med st\u00f6rre GPSsk\u00e4rm<br \/>\n\u2022Simrad GPS\/kartplotter 12&#8243; NSS Evo3s med HDI-givare<br \/>\n\u2022VesselView link<br \/>\n\u2022Fusion-stereo med 4 h\u00f6gtalare<br \/>\nOPTIONAL EQUIPMENT<br \/>\n\u2022Durk i GatorStep (mandel)<br \/>\n\u2022Svarta r\u00e4cken i f\u00f6r\/vindruta\/ fribord<br \/>\n\u2022Farvet gelcoat (m\u00f8rk gr\u00e5)<br \/>\n\u2022Vattenskidst\u00e5ng<br \/>\n\u2022F\u00f6rl\u00e4ngda badplattformar<br \/>\n\u2022F\u00f6rl\u00e4ngda badplattformar med GatorStep-bel\u00e4ggning<br \/>\n\u2022Konvertibel solb\u00e4dd f\u00f6r<br \/>\n\u2022Bord i \u00e4kta teak, f\u00f6r<br \/>\n\u2022Pentry (vask\/spis\/51 l kylsk\u00e5p\/ sittbrunnsdusch)<br \/>\n\u2022Dusch i sittbrunn<br \/>\n\u2022Utf\u00e4llbar sittb\u00e4nk om styrbord &amp; babord<br \/>\n\u2022Utf\u00e4llbar sittb\u00e4nk om babord<br \/>\n\u2022Marintoalett<br \/>\n\u2022DAB-radiopaket med antenn<br \/>\n\u2022Gr\u00e5vattensystemm enbart landt\u00f6mning<br \/>\n\u2022Gr\u00e5vattensystem med manuell sj\u00f6t\u00f6mning<br \/>\n\u2022F\u00f6rt\u00f6jningspaket<br \/>\n\u2022Bogpropeller<br \/>\n\u2022Elektriskt ankarspel, f\u00f6r<br \/>\n\u2022ZIPwake trimsystem<br \/>\n\u2022Konsol- och stols\u00f6verdrag<br \/>\n\u2022Soltak f\u00f6r<br \/>\n\u2022T-top med st\u00e5ngh\u00e5llare<br \/>\n\u2022Bimini Quicksilver Captur 805 Pilothouse<\/p>\n<p>Read more about engines from\u00a0<a href=\"https:\/\/www.suzukimarin.se\/\" target=\"_blank\" rel=\"noopener\">Suzuki<\/a>\u00a0or\u00a0<a href=\"https:\/\/www.mercurymarine.com\/sv\/se\/?gclid=CjwKCAiAksyNBhAPEiwAlDBeLGn0UU72HiKIPTSn3nIDeuZ2CaeYikm4yiET0_g-3gaWb5h5CmKjMxoCUqQQAvD_BwE\" target=\"_blank\" rel=\"noopener\">Mercury<\/a>\u00a0and also see the accessories in our\u00a0<a href=\"https:\/\/lerkils-batvarv.se\/en\/prislista\/\" target=\"_blank\" rel=\"noopener\">price list &gt;&gt;<\/a><\/p>\n<p>More about <a href=\"https:\/\/lerkils-batvarv.se\/en\/quicksilver-2\/\">Quicksilver &gt;&gt;<\/a><\/p>\n<\/div>\n<\/div>\n<\/div>","protected":false},"excerpt":{"rendered":"<div class=\"field facts\">\n<div class=\"row\">\n<div class=\"col-xs-3\">\n<div class=\"field facts_type\">Length: <span style=\"font-size: 16px\">7,66 m<\/span><\/div>\n<\/div>\n<\/div>\n<\/div>\n<div class=\"field facts\">\n<div class=\"row\">\n<div class=\"col-xs-3\">\n<div class=\"field facts_type\">Width: <span style=\"font-size: 16px\">2,55 m<\/span><\/div>\n<\/div>\n<\/div>\n<\/div>\n<div class=\"field facts\">\n<div class=\"row\">\n<div class=\"col-xs-3\">\n<div class=\"field facts_type\">Vikt: 1684<span style=\"font-size: 16px\">\u00a0kg<\/span><\/div>\n<\/div>\n<\/div>\n<\/div>\n<div class=\"field facts\">\n<div class=\"row\">\n<div class=\"col-xs-3\">\n<div class=\"field facts_type\">Antal pers: 10<span style=\"font-size: 16px\">\u00a0st<\/span><\/div>\n<\/div>\n<\/div>\n<\/div>\n<div class=\"field facts\">\n<div class=\"row\">\n<div class=\"col-xs-3\">\n<div class=\"field facts_type\">\n<p>Max engine: <span style=\"font-size: 16px\">300 hp<\/span><\/p>\n<\/div>\n<\/div>\n<\/div>\n<\/div>","protected":false},"featured_media":12332,"comment_status":"open","ping_status":"closed","template":"","meta":{"_acf_changed":false,"site-sidebar-layout":"default","site-content-layout":"default","ast-site-content-layout":"default","site-content-style":"default","site-sidebar-style":"default","ast-global-header-display":"","ast-banner-title-visibility":"","ast-main-header-display":"","ast-hfb-above-header-display":"","ast-hfb-below-header-display":"","ast-hfb-mobile-header-display":"","site-post-title":"","ast-breadcrumbs-content":"","ast-featured-img":"","footer-sml-layout":"","theme-transparent-header-meta":"default","adv-header-id-meta":"","stick-header-meta":"","header-above-stick-meta":"","header-main-stick-meta":"","header-below-stick-meta":"","astra-migrate-meta-layouts":"set","ast-page-background-enabled":"default","ast-page-background-meta":{"desktop":{"background-color":"","background-image":"","background-repeat":"repeat","background-position":"center center","background-size":"auto","background-attachment":"scroll","background-type":"","background-media":"","overlay-type":"","overlay-color":"","overlay-opacity":"","overlay-gradient":""},"tablet":{"background-color":"","background-image":"","background-repeat":"repeat","background-position":"center center","background-size":"auto","background-attachment":"scroll","background-type":"","background-media":"","overlay-type":"","overlay-color":"","overlay-opacity":"","overlay-gradient":""},"mobile":{"background-color":"","background-image":"","background-repeat":"repeat","background-position":"center center","background-size":"auto","background-attachment":"scroll","background-type":"","background-media":"","overlay-type":"","overlay-color":"","overlay-opacity":"","overlay-gradient":""}},"ast-content-background-meta":{"desktop":{"background-color":"var(--ast-global-color-5)","background-image":"","background-repeat":"repeat","background-position":"center center","background-size":"auto","background-attachment":"scroll","background-type":"","background-media":"","overlay-type":"","overlay-color":"","overlay-opacity":"","overlay-gradient":""},"tablet":{"background-color":"var(--ast-global-color-5)","background-image":"","background-repeat":"repeat","background-position":"center center","background-size":"auto","background-attachment":"scroll","background-type":"","background-media":"","overlay-type":"","overlay-color":"","overlay-opacity":"","overlay-gradient":""},"mobile":{"background-color":"var(--ast-global-color-5)","background-image":"","background-repeat":"repeat","background-position":"center center","background-size":"auto","background-attachment":"scroll","background-type":"","background-media":"","overlay-type":"","overlay-color":"","overlay-opacity":"","overlay-gradient":""}}},"brand":[110],"product_cat":[77,37],"product_tag":[78],"class_list":{"0":"post-3442","1":"product","2":"type-product","3":"status-publish","4":"has-post-thumbnail","6":"brand-quicksilver","7":"product_cat-pilothouse","8":"product_cat-quicksilver","9":"product_tag-pilothouse","10":"desktop-align-left","11":"tablet-align-left","12":"mobile-align-left","14":"first","15":"instock","16":"shipping-taxable","17":"product-type-simple"},"acf":[],"_links":{"self":[{"href":"https:\/\/lerkils-batvarv.se\/en\/wp-json\/wp\/v2\/product\/3442"}],"collection":[{"href":"https:\/\/lerkils-batvarv.se\/en\/wp-json\/wp\/v2\/product"}],"about":[{"href":"https:\/\/lerkils-batvarv.se\/en\/wp-json\/wp\/v2\/types\/product"}],"replies":[{"embeddable":true,"href":"https:\/\/lerkils-batvarv.se\/en\/wp-json\/wp\/v2\/comments?post=3442"}],"version-history":[{"count":1,"href":"https:\/\/lerkils-batvarv.se\/en\/wp-json\/wp\/v2\/product\/3442\/revisions"}],"predecessor-version":[{"id":12548,"href":"https:\/\/lerkils-batvarv.se\/en\/wp-json\/wp\/v2\/product\/3442\/revisions\/12548"}],"wp:featuredmedia":[{"embeddable":true,"href":"https:\/\/lerkils-batvarv.se\/en\/wp-json\/wp\/v2\/media\/12332"}],"wp:attachment":[{"href":"https:\/\/lerkils-batvarv.se\/en\/wp-json\/wp\/v2\/media?parent=3442"}],"wp:term":[{"taxonomy":"brand","embeddable":true,"href":"https:\/\/lerkils-batvarv.se\/en\/wp-json\/wp\/v2\/brand?post=3442"},{"taxonomy":"product_cat","embeddable":true,"href":"https:\/\/lerkils-batvarv.se\/en\/wp-json\/wp\/v2\/product_cat?post=3442"},{"taxonomy":"product_tag","embeddable":true,"href":"https:\/\/lerkils-batvarv.se\/en\/wp-json\/wp\/v2\/product_tag?post=3442"}],"curies":[{"name":"wp","href":"https:\/\/api.w.org\/{rel}","templated":true}]}}