{"id":3420,"date":"2021-02-26T12:58:36","date_gmt":"2021-02-26T12:58:36","guid":{"rendered":"https:\/\/lerkils-batvarv.se\/?post_type=product&#038;p=3420"},"modified":"2025-02-26T15:03:04","modified_gmt":"2025-02-26T15:03:04","slug":"quicksilver-activ-705-weekend","status":"publish","type":"product","link":"https:\/\/lerkils-batvarv.se\/en\/product\/quicksilver-activ-705-weekend\/","title":{"rendered":"Quicksilver Activ 705 Weekend"},"content":{"rendered":"<div class=\"kk-star-ratings kksr-auto kksr-align-left kksr-valign-top\"\n    data-payload='{&quot;align&quot;:&quot;left&quot;,&quot;id&quot;:&quot;3420&quot;,&quot;slug&quot;:&quot;default&quot;,&quot;valign&quot;:&quot;top&quot;,&quot;ignore&quot;:&quot;&quot;,&quot;reference&quot;:&quot;auto&quot;,&quot;class&quot;:&quot;&quot;,&quot;count&quot;:&quot;8&quot;,&quot;legendonly&quot;:&quot;&quot;,&quot;readonly&quot;:&quot;&quot;,&quot;score&quot;:&quot;4.7&quot;,&quot;starsonly&quot;:&quot;&quot;,&quot;best&quot;:&quot;5&quot;,&quot;gap&quot;:&quot;3&quot;,&quot;greet&quot;:&quot;Ge en recension product&quot;,&quot;legend&quot;:&quot;4.7\\\/5 - (8 {r\u00f6ster})&quot;,&quot;size&quot;:&quot;20&quot;,&quot;title&quot;:&quot;Quicksilver Activ 705 Weekend&quot;,&quot;width&quot;:&quot;106.6&quot;,&quot;_legend&quot;:&quot;{score}\\\/{best} - ({count} {r\u00f6ster})&quot;,&quot;font_factor&quot;:&quot;1.25&quot;}'>\n            \n<div class=\"kksr-stars\">\n    \n<div class=\"kksr-stars-inactive\">\n            <div class=\"kksr-star\" data-star=\"1\" style=\"padding-right: 3px\">\n            \n\n<div class=\"kksr-icon\" style=\"width: 20px; height: 20px;\"><\/div>\n        <\/div>\n            <div class=\"kksr-star\" data-star=\"2\" style=\"padding-right: 3px\">\n            \n\n<div class=\"kksr-icon\" style=\"width: 20px; height: 20px;\"><\/div>\n        <\/div>\n            <div class=\"kksr-star\" data-star=\"3\" style=\"padding-right: 3px\">\n            \n\n<div class=\"kksr-icon\" style=\"width: 20px; height: 20px;\"><\/div>\n        <\/div>\n            <div class=\"kksr-star\" data-star=\"4\" style=\"padding-right: 3px\">\n            \n\n<div class=\"kksr-icon\" style=\"width: 20px; height: 20px;\"><\/div>\n        <\/div>\n            <div class=\"kksr-star\" data-star=\"5\" style=\"padding-right: 3px\">\n            \n\n<div class=\"kksr-icon\" style=\"width: 20px; height: 20px;\"><\/div>\n        <\/div>\n    <\/div>\n    \n<div class=\"kksr-stars-active\" style=\"width: 106.6px;\">\n            <div class=\"kksr-star\" style=\"padding-right: 3px\">\n            \n\n<div class=\"kksr-icon\" style=\"width: 20px; height: 20px;\"><\/div>\n        <\/div>\n            <div class=\"kksr-star\" style=\"padding-right: 3px\">\n            \n\n<div class=\"kksr-icon\" style=\"width: 20px; height: 20px;\"><\/div>\n        <\/div>\n            <div class=\"kksr-star\" style=\"padding-right: 3px\">\n            \n\n<div class=\"kksr-icon\" style=\"width: 20px; height: 20px;\"><\/div>\n        <\/div>\n            <div class=\"kksr-star\" style=\"padding-right: 3px\">\n            \n\n<div class=\"kksr-icon\" style=\"width: 20px; height: 20px;\"><\/div>\n        <\/div>\n            <div class=\"kksr-star\" style=\"padding-right: 3px\">\n            \n\n<div class=\"kksr-icon\" style=\"width: 20px; height: 20px;\"><\/div>\n        <\/div>\n    <\/div>\n<\/div>\n                \n\n<div class=\"kksr-legend\" style=\"font-size: 16px;\">\n            4.7\/5 - (8 {votes})    <\/div>\n    <\/div>\n\t\t<div data-elementor-type=\"product-post\" data-elementor-id=\"3420\" class=\"elementor elementor-3420\" data-elementor-post-type=\"product\">\n\t\t\t\t<div class=\"elementor-element elementor-element-5b3f87ac e-flex e-con-boxed e-con e-parent\" data-id=\"5b3f87ac\" data-element_type=\"container\">\n\t\t\t\t\t<div class=\"e-con-inner\">\n\t\t\t\t<div class=\"elementor-element elementor-element-34ab4e6b elementor-widget elementor-widget-text-editor\" data-id=\"34ab4e6b\" data-element_type=\"widget\" data-widget_type=\"text-editor.default\">\n\t\t\t\t<div class=\"elementor-widget-container\">\n\t\t\t<style>\/*! elementor - v3.22.0 - 24-06-2024 *\/\n.elementor-widget-text-editor.elementor-drop-cap-view-stacked .elementor-drop-cap{background-color:#69727d;color:#fff}.elementor-widget-text-editor.elementor-drop-cap-view-framed .elementor-drop-cap{color:#69727d;border:3px solid;background-color:transparent}.elementor-widget-text-editor:not(.elementor-drop-cap-view-default) .elementor-drop-cap{margin-top:8px}.elementor-widget-text-editor:not(.elementor-drop-cap-view-default) .elementor-drop-cap-letter{width:1em;height:1em}.elementor-widget-text-editor .elementor-drop-cap{float:left;text-align:center;line-height:1;font-size:50px}.elementor-widget-text-editor .elementor-drop-cap-letter{display:inline-block}<\/style>\t\t\t\t<h2>Kompakt och komplett<\/h2><p class=\"text-gray\">Activ 705 Weekend \u00e4r den mest kompakta modellen i Weekend-serien. Den \u00e4r den enda som du fortfarande kan k\u00f6ra p\u00e5 en trailer. B\u00e5tens storlek g\u00f6r det ocks\u00e5 l\u00e4ttare att hitta en f\u00f6rt\u00f6jningsplats i hamnen. Samtidigt rymmer den 8\u00a0personer och 2\u00a0kan tillbringa natten ombord.<\/p><p>Specifikationer:<\/p><div class=\"data-box-item\">Total l\u00e4ngd<strong>7,37 m<\/strong><\/div><div class=\"data-box-item\">Skrovl\u00e4ngd<strong>6,60 m<\/strong><\/div><div class=\"data-box-item\">Total bredd<strong>2,50 m<\/strong><\/div><div class=\"data-box-item\">H\u00f6jd \u00f6ver vattenytan<strong>2,27 m<\/strong><\/div><div class=\"data-box-item\">B\u00e5tvikt utan motor<strong>1642 kg<\/strong><\/div><div class=\"data-box-item\">Max motorvikt<strong>220 kg<\/strong><\/div><div class=\"data-box-item\">Max belastning (Personer, utrustning, motor)<strong>670 kg<\/strong><\/div><div class=\"data-box-item\">Rig length<strong>XL<\/strong><\/div><div><div class=\"data-box-item\">Max motoreffekt<strong>225 hp (165 kw)<\/strong><\/div><div class=\"data-box-item\">Djupg\u00e5ende<strong>0,48 m<\/strong><\/div><div class=\"data-box-item\">F\u00e4rskvattentank<strong>45 l<\/strong><\/div><div class=\"data-box-item\">Br\u00e4nsletank volym<strong>200 l<\/strong><\/div><div class=\"data-box-item\">Br\u00e4nsletank typ<strong>Inbyggd<\/strong><\/div><div class=\"data-box-item\">B\u00e5th\u00f6jd<strong>2,79 m<\/strong><\/div><div class=\"data-box-item\">Max antal personer<strong>8<\/strong><\/div><div class=\"data-box-item\">CE-Kategori<strong>C<\/strong><\/div><div>\u00a0<\/div><div>Standard equipment:<\/div><div>\u2022St\u00e4vrulle \u2022Badstege \u2022Lanternor \u2022Ankarbox f\u00f6r \u2022Sj\u00e4lvl\u00e4nsande akterd\u00e4ck \u2022Sp\u00f6h\u00e5llare \u2022Badplattformar \u2022LED-trivselbelysning \u2022Svart r\u00e4cke\/hardtop-skenor \u2022SmartCraft logg\/varvr\u00e4knare \u202212 V eluttag \u2022Akterb\u00e4nk\u2022Stuerom under akterbenk \u2022Sittbrunnsdynor \u2022Uppgraderat sittbrunnsbord \u2022Uppgraderat sittbrunnsbord \u2022Akterd\u00f6rr \u2022F\u00f6rl\u00e4ngd aktre soffa (L-soffa) \u20223 Koj\/er \u2022Stuvfack under koj \u2022Snurrbar f\u00f6rar med f\u00e4llbart ryggst\u00f6d \u2022Dinette \u2022Kojdynor\/il\u00e4ggsdyna \u2022Skylight\u2022Handfat med kran \u2022Batterisystem f\u00f6r dubbla batterier \u2022Koldioxidmonitor \u2022Brandvarnare \u2022Brandsl\u00e4ckare \u2022Hydraulisk styrning \u2022Elektrisk &amp; manuell l\u00e4nspump \u2022Vindrutetorkare styrbord \u2022Vindrutespolning \u2022F\u00f6rriggad f\u00f6r utombordare \u2022VesselView Mobile \u2022Active Trim 175 hk och upp\u00e5t<\/div><div>\u00a0<\/div><\/div><div>SMART Edition paket inneh\u00e5ller:<\/div><div>\u2022Solb\u00e4dd i sittbrunn \u2022Sittbrunnsbelysning \u2022Sittbrunnsbord i teak<\/div><div>\u2022Gardiner<\/div><div>\u2022Taklucka<\/div><div>\u2022Kylsk\u00e5p<\/div><div>\u2022F\u00f6rt\u00f6jningspaket<\/div><div>\u2022Elektriskt ankarspel, f\u00f6r<\/div><div>\u00a0<\/div><div>Elektronikpaket inneh\u00e5ller:<\/div><div>\u2022Fusion lydanlegg med 4 h\u00f8yttalere<\/div><div>\u2022Simrad GPS\/kartplotter 7&#8243; NSS Evo3s med HDI-givare<\/div><div>\u2022VesselView link<\/div><div>\u00a0<\/div><div>Elektronikpaket med st\u00f6rre GPSsk\u00e4rm inneh\u00e5ller:<\/div><div>\u2022Fusion lydanlegg med 4 h\u00f8yttalere \u2022VesselView link<\/div><div>\u2022Simrad GPS\/kartplotter 9&#8243; NSS Evo3s med HDI-givare<\/div><div>\u00a0<\/div><div>\u00d6vrig tillvalsutrustning:<\/div><div>\u2022F\u00f6rl\u00e4ngda badplattformar<\/div><div>\u2022Durk i Flexiteek<\/div><div>\u2022F\u00f6rl\u00e4ngda badplattformar med Flexiteek<\/div><div>\u2022F\u00e4rgat skrov (m\u00f6rkgr\u00e5)<\/div><div>\u2022Solb\u00e4dd f\u00f6r<\/div><div>\u2022Solb\u00e4dd i sittbrunn \u2022Sittbrunnsbord i teak<\/div><div>\u2022Gardiner<\/div><div>\u2022Taklucka<\/div><div>\u2022M\u00f6rkl\u00e4ggning &amp; myggn\u00e4t till skylight<\/div><div>\u2022Avsk\u00e4rmad marintoalett<\/div><div>\u2022Gasolspis<\/div><div>\u2022Landstr\u00f6m<\/div><div>\u2022DAB-radiopaket med antenn (Elektronikpaket)<\/div><div>\u2022DAB-radiopaket med antenn (Elektronikpaket med st\u00f6rre GPS-sk\u00e4rm )<\/div><div>\u2022Simrad VHF RS20 (Elektronikpaket)<\/div><div>\u2022Simrad VHF RS20 (Elektronikpaket med st\u00f6rre GPS-sk\u00e4rm )<\/div><div>\u2022Septiktank med landt\u00f6mning<\/div><div>\u2022Septiktank med t\u00f6mning \u00f6ver bord<\/div><div>\u2022F\u00f6rt\u00f6jningspaket<\/div><div>\u2022Bogpropeller<\/div><div>\u2022Dieselv\u00e4rmare<\/div><div>\u2022Elektriskt ankarspel, f\u00f6r<\/div><div>\u2022Zipwake dynamiskt trimsystem<\/div><div>\u2022Active Trim upp till 150 hk<\/div><div>\u2022Soltak<\/div><div>\u2022Bimini<\/div><div>\u2022Bimini og omslutande kapell<\/div><p>\u00a0<\/p><p>Read more about engines from\u00a0<a href=\"https:\/\/www.suzukimarin.se\/\" target=\"_blank\" rel=\"noopener\">Suzuki<\/a>\u00a0or\u00a0<a href=\"https:\/\/www.mercurymarine.com\/sv\/se\/?gclid=CjwKCAiAksyNBhAPEiwAlDBeLGn0UU72HiKIPTSn3nIDeuZ2CaeYikm4yiET0_g-3gaWb5h5CmKjMxoCUqQQAvD_BwE\" target=\"_blank\" rel=\"noopener\">Mercury<\/a>\u00a0and also see the accessories in our\u00a0<a href=\"https:\/\/lerkils-batvarv.se\/en\/prislista\/\" target=\"_blank\" rel=\"noopener\">price list &gt;&gt;<\/a><\/p><p>More about <a href=\"https:\/\/lerkils-batvarv.se\/en\/quicksilver-2\/\" target=\"_blank\" rel=\"noopener\">Quicksilver &gt;&gt;<\/a><\/p>\t\t\t\t\t\t<\/div>\n\t\t\t\t<\/div>\n\t\t\t\t\t<\/div>\n\t\t\t\t<\/div>\n\t\t\t\t<\/div>","protected":false},"excerpt":{"rendered":"<p>Quicksilver Activ 705 Weekend<\/p>\n<p>L\u00e4ngd: 7,37 m<br \/>\nWidth: 2.50 m<br \/>\nVikt: 1.642 kg<br \/>\nNumber of people: 8<br \/>\nMax engine: 225 hp<\/p>","protected":false},"featured_media":13294,"comment_status":"open","ping_status":"closed","template":"","meta":{"_acf_changed":false,"site-sidebar-layout":"default","site-content-layout":"default","ast-site-content-layout":"default","site-content-style":"default","site-sidebar-style":"default","ast-global-header-display":"","ast-banner-title-visibility":"","ast-main-header-display":"","ast-hfb-above-header-display":"","ast-hfb-below-header-display":"","ast-hfb-mobile-header-display":"","site-post-title":"","ast-breadcrumbs-content":"","ast-featured-img":"","footer-sml-layout":"","theme-transparent-header-meta":"default","adv-header-id-meta":"","stick-header-meta":"","header-above-stick-meta":"","header-main-stick-meta":"","header-below-stick-meta":"","astra-migrate-meta-layouts":"set","ast-page-background-enabled":"default","ast-page-background-meta":{"desktop":{"background-color":"","background-image":"","background-repeat":"repeat","background-position":"center center","background-size":"auto","background-attachment":"scroll","background-type":"","background-media":"","overlay-type":"","overlay-color":"","overlay-opacity":"","overlay-gradient":""},"tablet":{"background-color":"","background-image":"","background-repeat":"repeat","background-position":"center center","background-size":"auto","background-attachment":"scroll","background-type":"","background-media":"","overlay-type":"","overlay-color":"","overlay-opacity":"","overlay-gradient":""},"mobile":{"background-color":"","background-image":"","background-repeat":"repeat","background-position":"center center","background-size":"auto","background-attachment":"scroll","background-type":"","background-media":"","overlay-type":"","overlay-color":"","overlay-opacity":"","overlay-gradient":""}},"ast-content-background-meta":{"desktop":{"background-color":"var(--ast-global-color-5)","background-image":"","background-repeat":"repeat","background-position":"center center","background-size":"auto","background-attachment":"scroll","background-type":"","background-media":"","overlay-type":"","overlay-color":"","overlay-opacity":"","overlay-gradient":""},"tablet":{"background-color":"var(--ast-global-color-5)","background-image":"","background-repeat":"repeat","background-position":"center center","background-size":"auto","background-attachment":"scroll","background-type":"","background-media":"","overlay-type":"","overlay-color":"","overlay-opacity":"","overlay-gradient":""},"mobile":{"background-color":"var(--ast-global-color-5)","background-image":"","background-repeat":"repeat","background-position":"center center","background-size":"auto","background-attachment":"scroll","background-type":"","background-media":"","overlay-type":"","overlay-color":"","overlay-opacity":"","overlay-gradient":""}}},"brand":[110],"product_cat":[37,79],"product_tag":[76],"class_list":{"0":"post-3420","1":"product","2":"type-product","3":"status-publish","4":"has-post-thumbnail","6":"brand-quicksilver","7":"product_cat-quicksilver","8":"product_cat-kabinbat","9":"product_tag-walkaround","10":"desktop-align-left","11":"tablet-align-left","12":"mobile-align-left","14":"first","15":"instock","16":"shipping-taxable","17":"product-type-simple"},"acf":[],"_links":{"self":[{"href":"https:\/\/lerkils-batvarv.se\/en\/wp-json\/wp\/v2\/product\/3420"}],"collection":[{"href":"https:\/\/lerkils-batvarv.se\/en\/wp-json\/wp\/v2\/product"}],"about":[{"href":"https:\/\/lerkils-batvarv.se\/en\/wp-json\/wp\/v2\/types\/product"}],"replies":[{"embeddable":true,"href":"https:\/\/lerkils-batvarv.se\/en\/wp-json\/wp\/v2\/comments?post=3420"}],"version-history":[{"count":7,"href":"https:\/\/lerkils-batvarv.se\/en\/wp-json\/wp\/v2\/product\/3420\/revisions"}],"predecessor-version":[{"id":13304,"href":"https:\/\/lerkils-batvarv.se\/en\/wp-json\/wp\/v2\/product\/3420\/revisions\/13304"}],"wp:featuredmedia":[{"embeddable":true,"href":"https:\/\/lerkils-batvarv.se\/en\/wp-json\/wp\/v2\/media\/13294"}],"wp:attachment":[{"href":"https:\/\/lerkils-batvarv.se\/en\/wp-json\/wp\/v2\/media?parent=3420"}],"wp:term":[{"taxonomy":"brand","embeddable":true,"href":"https:\/\/lerkils-batvarv.se\/en\/wp-json\/wp\/v2\/brand?post=3420"},{"taxonomy":"product_cat","embeddable":true,"href":"https:\/\/lerkils-batvarv.se\/en\/wp-json\/wp\/v2\/product_cat?post=3420"},{"taxonomy":"product_tag","embeddable":true,"href":"https:\/\/lerkils-batvarv.se\/en\/wp-json\/wp\/v2\/product_tag?post=3420"}],"curies":[{"name":"wp","href":"https:\/\/api.w.org\/{rel}","templated":true}]}}