{"id":13325,"date":"2025-02-26T15:41:16","date_gmt":"2025-02-26T15:41:16","guid":{"rendered":"https:\/\/lerkils-batvarv.se\/?post_type=product&#038;p=13325"},"modified":"2025-02-26T15:57:28","modified_gmt":"2025-02-26T15:57:28","slug":"quicksilver-activ-905-weekend","status":"publish","type":"product","link":"https:\/\/lerkils-batvarv.se\/en\/product\/quicksilver-activ-905-weekend\/","title":{"rendered":"Quicksilver Activ 905 Weekend"},"content":{"rendered":"<div class=\"kk-star-ratings kksr-auto kksr-align-left kksr-valign-top\"\n    data-payload='{&quot;align&quot;:&quot;left&quot;,&quot;id&quot;:&quot;13325&quot;,&quot;slug&quot;:&quot;default&quot;,&quot;valign&quot;:&quot;top&quot;,&quot;ignore&quot;:&quot;&quot;,&quot;reference&quot;:&quot;auto&quot;,&quot;class&quot;:&quot;&quot;,&quot;count&quot;:&quot;5&quot;,&quot;legendonly&quot;:&quot;&quot;,&quot;readonly&quot;:&quot;&quot;,&quot;score&quot;:&quot;5&quot;,&quot;starsonly&quot;:&quot;&quot;,&quot;best&quot;:&quot;5&quot;,&quot;gap&quot;:&quot;3&quot;,&quot;greet&quot;:&quot;Ge en recension product&quot;,&quot;legend&quot;:&quot;5\\\/5 - (5 {r\u00f6ster})&quot;,&quot;size&quot;:&quot;20&quot;,&quot;title&quot;:&quot;Quicksilver Activ 905 Weekend&quot;,&quot;width&quot;:&quot;113.5&quot;,&quot;_legend&quot;:&quot;{score}\\\/{best} - ({count} {r\u00f6ster})&quot;,&quot;font_factor&quot;:&quot;1.25&quot;}'>\n            \n<div class=\"kksr-stars\">\n    \n<div class=\"kksr-stars-inactive\">\n            <div class=\"kksr-star\" data-star=\"1\" style=\"padding-right: 3px\">\n            \n\n<div class=\"kksr-icon\" style=\"width: 20px; height: 20px;\"><\/div>\n        <\/div>\n            <div class=\"kksr-star\" data-star=\"2\" style=\"padding-right: 3px\">\n            \n\n<div class=\"kksr-icon\" style=\"width: 20px; height: 20px;\"><\/div>\n        <\/div>\n            <div class=\"kksr-star\" data-star=\"3\" style=\"padding-right: 3px\">\n            \n\n<div class=\"kksr-icon\" style=\"width: 20px; height: 20px;\"><\/div>\n        <\/div>\n            <div class=\"kksr-star\" data-star=\"4\" style=\"padding-right: 3px\">\n            \n\n<div class=\"kksr-icon\" style=\"width: 20px; height: 20px;\"><\/div>\n        <\/div>\n            <div class=\"kksr-star\" data-star=\"5\" style=\"padding-right: 3px\">\n            \n\n<div class=\"kksr-icon\" style=\"width: 20px; height: 20px;\"><\/div>\n        <\/div>\n    <\/div>\n    \n<div class=\"kksr-stars-active\" style=\"width: 113.5px;\">\n            <div class=\"kksr-star\" style=\"padding-right: 3px\">\n            \n\n<div class=\"kksr-icon\" style=\"width: 20px; height: 20px;\"><\/div>\n        <\/div>\n            <div class=\"kksr-star\" style=\"padding-right: 3px\">\n            \n\n<div class=\"kksr-icon\" style=\"width: 20px; height: 20px;\"><\/div>\n        <\/div>\n            <div class=\"kksr-star\" style=\"padding-right: 3px\">\n            \n\n<div class=\"kksr-icon\" style=\"width: 20px; height: 20px;\"><\/div>\n        <\/div>\n            <div class=\"kksr-star\" style=\"padding-right: 3px\">\n            \n\n<div class=\"kksr-icon\" style=\"width: 20px; height: 20px;\"><\/div>\n        <\/div>\n            <div class=\"kksr-star\" style=\"padding-right: 3px\">\n            \n\n<div class=\"kksr-icon\" style=\"width: 20px; height: 20px;\"><\/div>\n        <\/div>\n    <\/div>\n<\/div>\n                \n\n<div class=\"kksr-legend\" style=\"font-size: 16px;\">\n            5\/5 - (5 {votes})    <\/div>\n    <\/div>\n\t\t<div data-elementor-type=\"product-post\" data-elementor-id=\"13325\" class=\"elementor elementor-13325\" data-elementor-post-type=\"product\">\n\t\t\t\t<div class=\"elementor-element elementor-element-5b3f87ac e-flex e-con-boxed e-con e-parent\" data-id=\"5b3f87ac\" data-element_type=\"container\">\n\t\t\t\t\t<div class=\"e-con-inner\">\n\t\t\t\t<div class=\"elementor-element elementor-element-34ab4e6b elementor-widget elementor-widget-text-editor\" data-id=\"34ab4e6b\" data-element_type=\"widget\" data-widget_type=\"text-editor.default\">\n\t\t\t\t<div class=\"elementor-widget-container\">\n\t\t\t<style>\/*! elementor - v3.22.0 - 24-06-2024 *\/\n.elementor-widget-text-editor.elementor-drop-cap-view-stacked .elementor-drop-cap{background-color:#69727d;color:#fff}.elementor-widget-text-editor.elementor-drop-cap-view-framed .elementor-drop-cap{color:#69727d;border:3px solid;background-color:transparent}.elementor-widget-text-editor:not(.elementor-drop-cap-view-default) .elementor-drop-cap{margin-top:8px}.elementor-widget-text-editor:not(.elementor-drop-cap-view-default) .elementor-drop-cap-letter{width:1em;height:1em}.elementor-widget-text-editor .elementor-drop-cap{float:left;text-align:center;line-height:1;font-size:50px}.elementor-widget-text-editor .elementor-drop-cap-letter{display:inline-block}<\/style>\t\t\t\t<h2>Funktionalitet och design n\u00e4r den \u00e4r som b\u00e4st<\/h2><p class=\"text-gray\">Activ 905 Weekend \u00e4r v\u00e5r st\u00f6rsta, mest eleganta modell hittills, och bygger p\u00e5 h\u00f6rnstenarna s\u00e4kerhet, komfort, stil och kraft. Den passar f\u00f6r 10\u00a0personer och tar er ut till havs, p\u00e5 uppt\u00e4cktsf\u00e4rd l\u00e4ngs floderna eller p\u00e5 fiske\u00e4ventyr till era favoritsj\u00f6ar. V\u00e4lj mellan en inombordsmotor och en eller tv\u00e5 utombordsmotorer, och f\u00e5 all kraft du beh\u00f6ver.<\/p><p>Specifikationer:<\/p><div class=\"data-box-item\"><div class=\"data-box-item\"><div class=\"data-box-item\">Total l\u00e4ngd<strong>9,09 m (OB)* \/ 9,02 m (IB)*<\/strong><\/div><div class=\"data-box-item\">Skrovl\u00e4ngd<strong>7,99 m<\/strong><\/div><div class=\"data-box-item\">Total bredd<strong>2,98 m<\/strong><\/div><div class=\"data-box-item\">H\u00f6jd \u00f6ver vattenytan<strong>2,90 m m (OB)* \/ 2,89 m m (IB)*<\/strong><\/div><div class=\"data-box-item\">B\u00e5tvikt utan motor<strong>2713,00 kg (OB)* \/ 3153,00 kg (IB)*<\/strong><\/div><div class=\"data-box-item\">Max motorvikt<strong>478 kg<\/strong><\/div><div class=\"data-box-item\">Max belastning (Personer, utrustning, motor)<strong>914<\/strong><\/div><div><div class=\"data-box-item\">Max motoreffekt<strong>450 hp (OB) \/ 350 hp (IB)<\/strong><\/div><div class=\"data-box-item\">Djupg\u00e5ende<strong>0,63 m (OB)* \/ 0,65 m (IB)*<\/strong><\/div><div class=\"data-box-item\">F\u00e4rskvattentank<strong>100 l<\/strong><\/div><div class=\"data-box-item\">Br\u00e4nsletank volym<strong>400 l<\/strong><\/div><div class=\"data-box-item\">Br\u00e4nsletank typ<strong>Inbyggd<\/strong><\/div><div class=\"data-box-item\">B\u00e5th\u00f6jd<strong>3,45 m<\/strong><\/div><div class=\"data-box-item\">Max antal personer<strong>10<\/strong><\/div><div class=\"data-box-item\">CE-Kategori<strong>B<\/strong><\/div><div class=\"data-box-item\">B\u00e4ddplatser<strong>6<\/strong><\/div><\/div><\/div><\/div><div><div class=\"data-box-item\"><div>\u00a0<\/div><\/div><div>Standard equipment:<\/div><div>\u2022St\u00e4vrulle \u2022Badstege \u2022Lanternor \u2022Ankarbox f\u00f6r \u2022Sj\u00e4lvl\u00e4nsande akterd\u00e4ck \u2022Sp\u00f6h\u00e5llare \u2022Badplattformar \u2022F\u00f6rl\u00e4ngda badplattformar \u2022LED-trivselbelysning \u2022Skrovf\u00f6nster \u2022Svart r\u00e4cke\/hardtop-skenor \u2022SmartCraft logg\/varvr\u00e4knare \u202212 V eluttag \u2022Active Trim 175 hk och upp\u00e5t \u2022Akterb\u00e4nk \u2022Sittbrunnsdynor \u2022Akterd\u00f6rr \u2022Stuvfack under aktre s\u00e4te \u2022F\u00e4llbart ryggst\u00f6d p\u00e5 aktersoffa \u2022Handfat med kran \u2022Gasolspis \u20226 kojer \u2022Kojdynor\/il\u00e4ggsdyna \u2022Innerbelysning \u2022\u00d6ppningsbara ventiler\/sidof\u00f6nster \u2022Kabinbord \u2022F\u00f6rar med f\u00e4llbart ryggst\u00f6d \u2022Dinette \u2022Stuvfack under koj \u2022Skylight \u2022Handfat med kran \u2022Dusch \u2022Duschdraperi \u2022Spoltoalett \u2022\u00d6ppningsbart f\u00f6nster \u2022F\u00f6rriggad f\u00f6r utombordare \u2022Batterisystem f\u00f6r dubbla batterier \u2022Elektrisk &amp; manuell l\u00e4nspump \u2022Hydraulisk styrning \u2022Vindrutetorkare styrbord \u2022Vindrutetorkare babord \u2022Koldioxidmonitor \u2022Brandsl\u00e4ckare \u2022Vatteninlopp f\u00f6r kommunalt vatten \u2022Brandvarnare \u2022VesselView Mobile<\/div><div>\u00a0<\/div><\/div><div>SMART Edition paket inneh\u00e5ller:<\/div><div>\u00a0\u2022Varmvattenberedare<\/div><div>\u2022Uppgraderat sittbrunnsbord<\/div><div>\u2022Solb\u00e4dd i sittbrunn<\/div><div>\u2022F\u00f6rl\u00e4ngd aktre soffa (L-soffa)<\/div><div>\u2022Kylsk\u00e5p<\/div><div>\u2022Landstr\u00f6m<\/div><div>\u2022Taklucka<\/div><div>\u2022Dusch i sittbrunn<\/div><div>\u2022Sittbrunnsbelysning<\/div><div>\u2022Solb\u00e4dd f\u00f6r<\/div><div>\u2022Elektriskt ankarspel, f\u00f6r<\/div><div>\u2022Gardiner<\/div><div>\u2022F\u00f6rt\u00f6jningspaket Komfortpaket sittbrunn<\/div><div>\u2022Uppgraderat sittbrunnsbord<\/div><div>\u2022Solb\u00e4dd i sittbrunn<\/div><div>\u2022F\u00f6rl\u00e4ngd aktre soffa (L-soffa)<\/div><div>\u00a0<\/div><div>Komfortpaket kabin inneh\u00e5ller:<\/div><div>\u2022Kylsk\u00e5p<\/div><div>\u2022Landstr\u00f6m<\/div><div>\u2022Gardiner Cruise Pack<\/div><div>\u2022Taklucka<\/div><div>\u2022Dusch i sittbrunn<\/div><div>\u2022Sittbrunnsbelysning<\/div><div>\u2022Solb\u00e4dd f\u00f6r<\/div><div>\u2022Elektriskt ankarspel, f\u00f6r<\/div><div>\u00a0<\/div><div>Navigationspaket inneh\u00e5ller:<\/div><div>\u2022Elektriska trimplan<\/div><div>\u2022Bogpropeller<\/div><div>\u00a0<\/div><div>Elektronikpaket inneh\u00e5ller:<\/div><div>\u2022Simrad GPS\/kartplotter 9&#8243; NSS Evo3s med HDI-givare<\/div><div>\u2022Fusion-stereo med 6 h\u00f6gtalare<\/div><div>\u2022VesselView link<\/div><div>\u00a0<\/div><div>\u00d6vrig tillvalsutrustning:<\/div><div>\u2022Durk i Flexiteek<\/div><div>\u2022Durk i Flexiteek (Inombordare)<\/div><div>\u2022Farvet gelcoat (m\u00f8rk gr\u00e5)<\/div><div>\u2022H\u00e5llare f\u00f6r jolle<\/div><div>\u2022Fusion-stereo med 6 h\u00f6gtalare<\/div><div>\u2022Simrad VHF RS20<\/div><div>\u2022DAB-radiopaket med antenn<\/div><div>\u2022Active Trim upp till 150 hk<\/div><div>\u2022M\u00f6rkl\u00e4ggning &amp; myggn\u00e4t till skylight<\/div><div>\u2022TV Inovtech 21&#8217;5&#8243; LED HD 1080 med DVD, USB, HDMI<\/div><div>\u2022Golvmatta i kabinen<\/div><div>\u2022Microv\u00e5gsugn<\/div><div>\u2022Soltak<\/div><div>\u2022Bimini med omslutande kapell<\/div><div>\u2022Bimini<\/div><div>\u2022Landstr\u00f6m<\/div><div>\u2022Dieselv\u00e4rmare<\/div><div>\u2022Luftkonditionering\/V\u00e4rmare med landstr\u00f6m<\/div><div>\u2022Luftkonditionering\/V\u00e4rmare med landstr\u00f6m &amp; dieselgenerator<\/div><div>\u2022Elektriskt ankarspel, f\u00f6r<\/div><div>\u2022Aktermonterat elektriskt ankarspel<\/div><div>\u2022Gr\u00e5vattensystemm enbart landt\u00f6mning<\/div><div>\u2022Gr\u00e5vattensystem med manuell sj\u00f6t\u00f6mning<\/div><div>\u2022Simrad HALO 20 Radar<\/div><div>\u2022F\u00f6rt\u00f6jningspaket<\/div><div>\u2022Spotlight<\/div><div>\u2022Servostyrning<\/div><p>\u00a0<\/p><p>Read more about engines from\u00a0<a href=\"https:\/\/www.suzukimarin.se\/\" target=\"_blank\" rel=\"noopener\">Suzuki<\/a>\u00a0or\u00a0<a href=\"https:\/\/www.mercurymarine.com\/sv\/se\/?gclid=CjwKCAiAksyNBhAPEiwAlDBeLGn0UU72HiKIPTSn3nIDeuZ2CaeYikm4yiET0_g-3gaWb5h5CmKjMxoCUqQQAvD_BwE\" target=\"_blank\" rel=\"noopener\">Mercury<\/a>\u00a0and also see the accessories in our\u00a0<a href=\"https:\/\/lerkils-batvarv.se\/en\/prislista\/\" target=\"_blank\" rel=\"noopener\">price list &gt;&gt;<\/a><\/p><p>More about <a href=\"https:\/\/lerkils-batvarv.se\/en\/quicksilver-2\/\" target=\"_blank\" rel=\"noopener\">Quicksilver &gt;&gt;<\/a><\/p>\t\t\t\t\t\t<\/div>\n\t\t\t\t<\/div>\n\t\t\t\t\t<\/div>\n\t\t\t\t<\/div>\n\t\t\t\t<\/div>","protected":false},"excerpt":{"rendered":"<p>Quicksilver Activ 905 Weekend<\/p>\n<p>L\u00e4ngd: 9,09 m<br \/>\nBredd: 2,98 m<br \/>\nVikt: 2.713 kg<br \/>\nNumber of people: 10<br \/>\nMax motor: 450 hk<\/p>","protected":false},"featured_media":13328,"comment_status":"open","ping_status":"closed","template":"","meta":{"_acf_changed":false,"site-sidebar-layout":"default","site-content-layout":"default","ast-site-content-layout":"default","site-content-style":"default","site-sidebar-style":"default","ast-global-header-display":"","ast-banner-title-visibility":"","ast-main-header-display":"","ast-hfb-above-header-display":"","ast-hfb-below-header-display":"","ast-hfb-mobile-header-display":"","site-post-title":"","ast-breadcrumbs-content":"","ast-featured-img":"","footer-sml-layout":"","theme-transparent-header-meta":"default","adv-header-id-meta":"","stick-header-meta":"","header-above-stick-meta":"","header-main-stick-meta":"","header-below-stick-meta":"","astra-migrate-meta-layouts":"set","ast-page-background-enabled":"default","ast-page-background-meta":{"desktop":{"background-color":"","background-image":"","background-repeat":"repeat","background-position":"center center","background-size":"auto","background-attachment":"scroll","background-type":"","background-media":"","overlay-type":"","overlay-color":"","overlay-opacity":"","overlay-gradient":""},"tablet":{"background-color":"","background-image":"","background-repeat":"repeat","background-position":"center center","background-size":"auto","background-attachment":"scroll","background-type":"","background-media":"","overlay-type":"","overlay-color":"","overlay-opacity":"","overlay-gradient":""},"mobile":{"background-color":"","background-image":"","background-repeat":"repeat","background-position":"center center","background-size":"auto","background-attachment":"scroll","background-type":"","background-media":"","overlay-type":"","overlay-color":"","overlay-opacity":"","overlay-gradient":""}},"ast-content-background-meta":{"desktop":{"background-color":"var(--ast-global-color-5)","background-image":"","background-repeat":"repeat","background-position":"center center","background-size":"auto","background-attachment":"scroll","background-type":"","background-media":"","overlay-type":"","overlay-color":"","overlay-opacity":"","overlay-gradient":""},"tablet":{"background-color":"var(--ast-global-color-5)","background-image":"","background-repeat":"repeat","background-position":"center center","background-size":"auto","background-attachment":"scroll","background-type":"","background-media":"","overlay-type":"","overlay-color":"","overlay-opacity":"","overlay-gradient":""},"mobile":{"background-color":"var(--ast-global-color-5)","background-image":"","background-repeat":"repeat","background-position":"center center","background-size":"auto","background-attachment":"scroll","background-type":"","background-media":"","overlay-type":"","overlay-color":"","overlay-opacity":"","overlay-gradient":""}}},"brand":[],"product_cat":[37,79],"product_tag":[76],"class_list":{"0":"post-13325","1":"product","2":"type-product","3":"status-publish","4":"has-post-thumbnail","6":"product_cat-quicksilver","7":"product_cat-kabinbat","8":"product_tag-walkaround","9":"desktop-align-left","10":"tablet-align-left","11":"mobile-align-left","13":"first","14":"instock","15":"shipping-taxable","16":"product-type-simple"},"acf":[],"_links":{"self":[{"href":"https:\/\/lerkils-batvarv.se\/en\/wp-json\/wp\/v2\/product\/13325"}],"collection":[{"href":"https:\/\/lerkils-batvarv.se\/en\/wp-json\/wp\/v2\/product"}],"about":[{"href":"https:\/\/lerkils-batvarv.se\/en\/wp-json\/wp\/v2\/types\/product"}],"replies":[{"embeddable":true,"href":"https:\/\/lerkils-batvarv.se\/en\/wp-json\/wp\/v2\/comments?post=13325"}],"version-history":[{"count":5,"href":"https:\/\/lerkils-batvarv.se\/en\/wp-json\/wp\/v2\/product\/13325\/revisions"}],"predecessor-version":[{"id":13337,"href":"https:\/\/lerkils-batvarv.se\/en\/wp-json\/wp\/v2\/product\/13325\/revisions\/13337"}],"wp:featuredmedia":[{"embeddable":true,"href":"https:\/\/lerkils-batvarv.se\/en\/wp-json\/wp\/v2\/media\/13328"}],"wp:attachment":[{"href":"https:\/\/lerkils-batvarv.se\/en\/wp-json\/wp\/v2\/media?parent=13325"}],"wp:term":[{"taxonomy":"brand","embeddable":true,"href":"https:\/\/lerkils-batvarv.se\/en\/wp-json\/wp\/v2\/brand?post=13325"},{"taxonomy":"product_cat","embeddable":true,"href":"https:\/\/lerkils-batvarv.se\/en\/wp-json\/wp\/v2\/product_cat?post=13325"},{"taxonomy":"product_tag","embeddable":true,"href":"https:\/\/lerkils-batvarv.se\/en\/wp-json\/wp\/v2\/product_tag?post=13325"}],"curies":[{"name":"wp","href":"https:\/\/api.w.org\/{rel}","templated":true}]}}