{"id":13232,"date":"2025-02-25T11:47:23","date_gmt":"2025-02-25T11:47:23","guid":{"rendered":"https:\/\/lerkils-batvarv.se\/?post_type=product&#038;p=13232"},"modified":"2025-11-20T10:03:11","modified_gmt":"2025-11-20T10:03:11","slug":"hr-392-std","status":"publish","type":"product","link":"https:\/\/lerkils-batvarv.se\/en\/product\/hr-392-std\/","title":{"rendered":"HR 392 STD"},"content":{"rendered":"<div class=\"kk-star-ratings kksr-auto kksr-align-left kksr-valign-top\"\n    data-payload='{&quot;align&quot;:&quot;left&quot;,&quot;id&quot;:&quot;13232&quot;,&quot;slug&quot;:&quot;default&quot;,&quot;valign&quot;:&quot;top&quot;,&quot;ignore&quot;:&quot;&quot;,&quot;reference&quot;:&quot;auto&quot;,&quot;class&quot;:&quot;&quot;,&quot;count&quot;:&quot;5&quot;,&quot;legendonly&quot;:&quot;&quot;,&quot;readonly&quot;:&quot;&quot;,&quot;score&quot;:&quot;4.6&quot;,&quot;starsonly&quot;:&quot;&quot;,&quot;best&quot;:&quot;5&quot;,&quot;gap&quot;:&quot;3&quot;,&quot;greet&quot;:&quot;Ge en recension product&quot;,&quot;legend&quot;:&quot;4.6\\\/5 - (5 {r\u00f6ster})&quot;,&quot;size&quot;:&quot;20&quot;,&quot;title&quot;:&quot;HR 392 STD&quot;,&quot;width&quot;:&quot;104.3&quot;,&quot;_legend&quot;:&quot;{score}\\\/{best} - ({count} {r\u00f6ster})&quot;,&quot;font_factor&quot;:&quot;1.25&quot;}'>\n            \n<div class=\"kksr-stars\">\n    \n<div class=\"kksr-stars-inactive\">\n            <div class=\"kksr-star\" data-star=\"1\" style=\"padding-right: 3px\">\n            \n\n<div class=\"kksr-icon\" style=\"width: 20px; height: 20px;\"><\/div>\n        <\/div>\n            <div class=\"kksr-star\" data-star=\"2\" style=\"padding-right: 3px\">\n            \n\n<div class=\"kksr-icon\" style=\"width: 20px; height: 20px;\"><\/div>\n        <\/div>\n            <div class=\"kksr-star\" data-star=\"3\" style=\"padding-right: 3px\">\n            \n\n<div class=\"kksr-icon\" style=\"width: 20px; height: 20px;\"><\/div>\n        <\/div>\n            <div class=\"kksr-star\" data-star=\"4\" style=\"padding-right: 3px\">\n            \n\n<div class=\"kksr-icon\" style=\"width: 20px; height: 20px;\"><\/div>\n        <\/div>\n            <div class=\"kksr-star\" data-star=\"5\" style=\"padding-right: 3px\">\n            \n\n<div class=\"kksr-icon\" style=\"width: 20px; height: 20px;\"><\/div>\n        <\/div>\n    <\/div>\n    \n<div class=\"kksr-stars-active\" style=\"width: 104.3px;\">\n            <div class=\"kksr-star\" style=\"padding-right: 3px\">\n            \n\n<div class=\"kksr-icon\" style=\"width: 20px; height: 20px;\"><\/div>\n        <\/div>\n            <div class=\"kksr-star\" style=\"padding-right: 3px\">\n            \n\n<div class=\"kksr-icon\" style=\"width: 20px; height: 20px;\"><\/div>\n        <\/div>\n            <div class=\"kksr-star\" style=\"padding-right: 3px\">\n            \n\n<div class=\"kksr-icon\" style=\"width: 20px; height: 20px;\"><\/div>\n        <\/div>\n            <div class=\"kksr-star\" style=\"padding-right: 3px\">\n            \n\n<div class=\"kksr-icon\" style=\"width: 20px; height: 20px;\"><\/div>\n        <\/div>\n            <div class=\"kksr-star\" style=\"padding-right: 3px\">\n            \n\n<div class=\"kksr-icon\" style=\"width: 20px; height: 20px;\"><\/div>\n        <\/div>\n    <\/div>\n<\/div>\n                \n\n<div class=\"kksr-legend\" style=\"font-size: 16px;\">\n            4.6\/5 - (5 {votes})    <\/div>\n    <\/div>\n\t\t<div data-elementor-type=\"product-post\" data-elementor-id=\"13232\" class=\"elementor elementor-13232\" data-elementor-post-type=\"product\">\n\t\t\t\t<div class=\"elementor-element elementor-element-650a4909 e-flex e-con-boxed e-con e-parent\" data-id=\"650a4909\" data-element_type=\"container\">\n\t\t\t\t\t<div class=\"e-con-inner\">\n\t\t\t\t<div class=\"elementor-element elementor-element-43648331 elementor-widget elementor-widget-text-editor\" data-id=\"43648331\" data-element_type=\"widget\" data-widget_type=\"text-editor.default\">\n\t\t\t\t<div class=\"elementor-widget-container\">\n\t\t\t<style>\/*! elementor - v3.22.0 - 24-06-2024 *\/\n.elementor-widget-text-editor.elementor-drop-cap-view-stacked .elementor-drop-cap{background-color:#69727d;color:#fff}.elementor-widget-text-editor.elementor-drop-cap-view-framed .elementor-drop-cap{color:#69727d;border:3px solid;background-color:transparent}.elementor-widget-text-editor:not(.elementor-drop-cap-view-default) .elementor-drop-cap{margin-top:8px}.elementor-widget-text-editor:not(.elementor-drop-cap-view-default) .elementor-drop-cap-letter{width:1em;height:1em}.elementor-widget-text-editor .elementor-drop-cap{float:left;text-align:center;line-height:1;font-size:50px}.elementor-widget-text-editor .elementor-drop-cap-letter{display:inline-block}<\/style>\t\t\t\t<div class=\"et_pb_row et_pb_row_1\"><div class=\"et_pb_column et_pb_column_4_4 et_pb_column_1 et_pb_css_mix_blend_mode_passthrough et-last-child\"><div class=\"et_pb_with_border et_pb_module et_pb_text et_pb_text_1 et_pb_text_align_left et_pb_bg_layout_light\"><div class=\"et_pb_text_inner\"><div class=\"et_pb_row et_pb_row_1\"><div class=\"et_pb_column et_pb_column_4_4 et_pb_column_1 et_pb_css_mix_blend_mode_passthrough et-last-child\"><div class=\"et_pb_with_border et_pb_module et_pb_text et_pb_text_1 et_pb_text_align_left et_pb_bg_layout_light\"><div class=\"et_pb_text_inner\"><div class=\"et_pb_row et_pb_row_1\"><div class=\"et_pb_column et_pb_column_4_4 et_pb_column_1 et_pb_css_mix_blend_mode_passthrough et-last-child\"><div class=\"et_pb_with_border et_pb_module et_pb_text et_pb_text_1 et_pb_text_align_left et_pb_bg_layout_light\"><div class=\"et_pb_text_inner\"><div class=\"et_pb_row et_pb_row_1\"><div class=\"et_pb_column et_pb_column_4_4 et_pb_column_1 et_pb_css_mix_blend_mode_passthrough et-last-child\"><div class=\"et_pb_with_border et_pb_module et_pb_text et_pb_text_1 et_pb_text_align_left et_pb_bg_layout_light\"><div class=\"et_pb_text_inner\"><div class=\"et_pb_row et_pb_row_1\"><div class=\"et_pb_column et_pb_column_4_4 et_pb_column_1 et_pb_css_mix_blend_mode_passthrough et-last-child\"><div class=\"et_pb_with_border et_pb_module et_pb_text et_pb_text_1 et_pb_text_align_left et_pb_bg_layout_light\"><div class=\"et_pb_text_inner\"><div class=\"et_pb_row et_pb_row_1\"><div class=\"et_pb_column et_pb_column_4_4 et_pb_column_1 et_pb_css_mix_blend_mode_passthrough et-last-child\"><div class=\"et_pb_with_border et_pb_module et_pb_text et_pb_text_1 et_pb_text_align_left et_pb_bg_layout_light\"><div class=\"et_pb_text_inner\"><h2>HR 392 std<\/h2><\/div><\/div><\/div><\/div><div class=\"et_pb_row et_pb_row_2\"><div class=\"et_pb_column et_pb_column_2_3 et_pb_column_2 et_pb_css_mix_blend_mode_passthrough\"><div class=\"et_pb_module et_pb_text et_pb_text_2 et_pb_text_align_left et_pb_bg_layout_light\"><div class=\"et_pb_text_inner\"><div class=\"et_pb_row et_pb_row_1\"><div class=\"et_pb_column et_pb_column_4_4 et_pb_column_1  et_pb_css_mix_blend_mode_passthrough et-last-child\"><div class=\"et_pb_with_border et_pb_module et_pb_text et_pb_text_1  et_pb_text_align_left et_pb_bg_layout_light\"><div class=\"et_pb_text_inner\"><h3><span style=\"font-size: 16px;\">HR 392 std \u00e4r en b\u00e5t som \u00e4r mycket l\u00e4tt att ro, \u00e4ven med full last, har god b\u00e4righet i sidled och \u00e4r dessutom kurs-stabil. B\u00e5ten har l\u00e5g vikt och \u00e4r snabbg\u00e5ende med liten motor. Den passar utm\u00e4rkt f\u00f6r fritidsfiskaren och j\u00e4garen, och klarar 4 personer och planar bra med 2 personer och 10 hk motor. Den nya modellen har h\u00f6gre fribord och \u00e4r dessutom extremt stadig.<\/span><\/h3><\/div><\/div><\/div><\/div><\/div><\/div><\/div><\/div><\/div><\/div><\/div><\/div><\/div><\/div><\/div><\/div><\/div><\/div><\/div><\/div><\/div><\/div><\/div><\/div><\/div><\/div><\/div><\/div><table border=\"2\" cellspacing=\"0\" cellpadding=\"0\"><tbody><tr><td>Length in meters<\/td><td>3,92<\/td><\/tr><tr><td>Width in meters<\/td><td>1,53<\/td><\/tr><tr><td>Freeboard height (internal)<\/td><td>0,51<\/td><\/tr><tr><td>Weight without engine (approx.)<\/td><td>95 kg<\/td><\/tr><tr><td>Number of people<\/td><td>4<\/td><\/tr><tr><td>Max hp<\/td><td>10<\/td><\/tr><tr><td>\u00c5ror<\/td><td>8 fot<\/td><\/tr><tr><td>Rig length<\/td><td>kort<\/td><\/tr><tr><td>Category<\/td><td><a href=\"https:\/\/hrboat.com\/hr-service\/vanliga-fragor\/?et_fb=1&amp;PageSpeed=off\" target=\"_blank\" rel=\"noopener\">D<\/a><\/td><\/tr><\/tbody><\/table><div class=\"et_pb_row et_pb_row_5\"><div class=\"et_pb_column et_pb_column_4_4 et_pb_column_10 et_pb_css_mix_blend_mode_passthrough et-last-child\"><div class=\"et_pb_module et_pb_text et_pb_text_5 et_pb_text_align_left et_pb_bg_layout_light\"><div class=\"et_pb_text_inner\"><p>C = Boat suitable for coastal waters and inland with wind forces up to 13.8 m\/sec<br \/>D = Boat suitable for sheltered waters with wind forces up to 7.9 m\/sec.<\/p><\/div><\/div><\/div><\/div><p>Read more about engines from\u00a0<a href=\"https:\/\/www.suzukimarin.se\/\" target=\"_blank\" rel=\"noopener\">Suzuki<\/a>\u00a0or\u00a0<a href=\"https:\/\/www.mercurymarine.com\/sv\/se\/?gclid=CjwKCAiAksyNBhAPEiwAlDBeLGn0UU72HiKIPTSn3nIDeuZ2CaeYikm4yiET0_g-3gaWb5h5CmKjMxoCUqQQAvD_BwE\" target=\"_blank\" rel=\"noopener\">Mercury<\/a>\u00a0and also see the accessories in our\u00a0<a href=\"https:\/\/lerkils-batvarv.se\/en\/prislista\/\" target=\"_blank\" rel=\"noopener\">price list &gt;&gt;<\/a><\/p><p>More about\u00a0<a href=\"https:\/\/lerkils-batvarv.se\/en\/hr-boat\/\">HR Boat &gt;&gt;<\/a><\/p><div class=\"row\"><div class=\"col-xs-4\"><div class=\"field body\">\u00a0<\/div><\/div><\/div>\t\t\t\t\t\t<\/div>\n\t\t\t\t<\/div>\n\t\t\t\t\t<\/div>\n\t\t\t\t<\/div>\n\t\t\t\t<\/div>","protected":false},"excerpt":{"rendered":"<p>HR 392 STD<\/p>\n<p>L\u00e4ngd: 3,92 m<br \/>\nBredd: 1,52 m<br \/>\nVikt: 95 kg (utan motor)<br \/>\nNumber of people: 4 pcs<br \/>\nMax engine: 10 hp<\/p>","protected":false},"featured_media":13237,"comment_status":"open","ping_status":"closed","template":"","meta":{"_acf_changed":false,"site-sidebar-layout":"default","site-content-layout":"default","ast-site-content-layout":"default","site-content-style":"default","site-sidebar-style":"default","ast-global-header-display":"","ast-banner-title-visibility":"","ast-main-header-display":"","ast-hfb-above-header-display":"","ast-hfb-below-header-display":"","ast-hfb-mobile-header-display":"","site-post-title":"","ast-breadcrumbs-content":"","ast-featured-img":"","footer-sml-layout":"","theme-transparent-header-meta":"default","adv-header-id-meta":"","stick-header-meta":"","header-above-stick-meta":"","header-main-stick-meta":"","header-below-stick-meta":"","astra-migrate-meta-layouts":"set","ast-page-background-enabled":"default","ast-page-background-meta":{"desktop":{"background-color":"","background-image":"","background-repeat":"repeat","background-position":"center center","background-size":"auto","background-attachment":"scroll","background-type":"","background-media":"","overlay-type":"","overlay-color":"","overlay-opacity":"","overlay-gradient":""},"tablet":{"background-color":"","background-image":"","background-repeat":"repeat","background-position":"center center","background-size":"auto","background-attachment":"scroll","background-type":"","background-media":"","overlay-type":"","overlay-color":"","overlay-opacity":"","overlay-gradient":""},"mobile":{"background-color":"","background-image":"","background-repeat":"repeat","background-position":"center center","background-size":"auto","background-attachment":"scroll","background-type":"","background-media":"","overlay-type":"","overlay-color":"","overlay-opacity":"","overlay-gradient":""}},"ast-content-background-meta":{"desktop":{"background-color":"var(--ast-global-color-5)","background-image":"","background-repeat":"repeat","background-position":"center center","background-size":"auto","background-attachment":"scroll","background-type":"","background-media":"","overlay-type":"","overlay-color":"","overlay-opacity":"","overlay-gradient":""},"tablet":{"background-color":"var(--ast-global-color-5)","background-image":"","background-repeat":"repeat","background-position":"center center","background-size":"auto","background-attachment":"scroll","background-type":"","background-media":"","overlay-type":"","overlay-color":"","overlay-opacity":"","overlay-gradient":""},"mobile":{"background-color":"var(--ast-global-color-5)","background-image":"","background-repeat":"repeat","background-position":"center center","background-size":"auto","background-attachment":"scroll","background-type":"","background-media":"","overlay-type":"","overlay-color":"","overlay-opacity":"","overlay-gradient":""}}},"brand":[],"product_cat":[91,73],"product_tag":[35],"class_list":{"0":"post-13232","1":"product","2":"type-product","3":"status-publish","4":"has-post-thumbnail","6":"product_cat-hr-boat","7":"product_cat-eka","8":"product_tag-nya-batar","9":"desktop-align-left","10":"tablet-align-left","11":"mobile-align-left","13":"first","14":"instock","15":"shipping-taxable","16":"product-type-simple"},"acf":[],"_links":{"self":[{"href":"https:\/\/lerkils-batvarv.se\/en\/wp-json\/wp\/v2\/product\/13232"}],"collection":[{"href":"https:\/\/lerkils-batvarv.se\/en\/wp-json\/wp\/v2\/product"}],"about":[{"href":"https:\/\/lerkils-batvarv.se\/en\/wp-json\/wp\/v2\/types\/product"}],"replies":[{"embeddable":true,"href":"https:\/\/lerkils-batvarv.se\/en\/wp-json\/wp\/v2\/comments?post=13232"}],"version-history":[{"count":6,"href":"https:\/\/lerkils-batvarv.se\/en\/wp-json\/wp\/v2\/product\/13232\/revisions"}],"predecessor-version":[{"id":13555,"href":"https:\/\/lerkils-batvarv.se\/en\/wp-json\/wp\/v2\/product\/13232\/revisions\/13555"}],"wp:featuredmedia":[{"embeddable":true,"href":"https:\/\/lerkils-batvarv.se\/en\/wp-json\/wp\/v2\/media\/13237"}],"wp:attachment":[{"href":"https:\/\/lerkils-batvarv.se\/en\/wp-json\/wp\/v2\/media?parent=13232"}],"wp:term":[{"taxonomy":"brand","embeddable":true,"href":"https:\/\/lerkils-batvarv.se\/en\/wp-json\/wp\/v2\/brand?post=13232"},{"taxonomy":"product_cat","embeddable":true,"href":"https:\/\/lerkils-batvarv.se\/en\/wp-json\/wp\/v2\/product_cat?post=13232"},{"taxonomy":"product_tag","embeddable":true,"href":"https:\/\/lerkils-batvarv.se\/en\/wp-json\/wp\/v2\/product_tag?post=13232"}],"curies":[{"name":"wp","href":"https:\/\/api.w.org\/{rel}","templated":true}]}}