{"id":4363,"date":"2021-03-01T10:30:01","date_gmt":"2021-03-01T10:30:01","guid":{"rendered":"https:\/\/lerkils-batvarv.se\/?page_id=4363"},"modified":"2023-01-27T15:27:53","modified_gmt":"2023-01-27T15:27:53","slug":"mercruiser","status":"publish","type":"page","link":"https:\/\/lerkils-batvarv.se\/en\/mercruiser\/","title":{"rendered":"MERCRUISER"},"content":{"rendered":"<div class=\"kk-star-ratings kksr-auto kksr-align-left kksr-valign-top\"\n    data-payload='{&quot;align&quot;:&quot;left&quot;,&quot;id&quot;:&quot;3821&quot;,&quot;slug&quot;:&quot;default&quot;,&quot;valign&quot;:&quot;top&quot;,&quot;ignore&quot;:&quot;&quot;,&quot;reference&quot;:&quot;auto&quot;,&quot;class&quot;:&quot;&quot;,&quot;count&quot;:&quot;0&quot;,&quot;legendonly&quot;:&quot;&quot;,&quot;readonly&quot;:&quot;&quot;,&quot;score&quot;:&quot;0&quot;,&quot;starsonly&quot;:&quot;&quot;,&quot;best&quot;:&quot;5&quot;,&quot;gap&quot;:&quot;3&quot;,&quot;greet&quot;:&quot;Ge en recension product&quot;,&quot;legend&quot;:&quot;0\\\/5 - (0 {r\u00f6ster})&quot;,&quot;size&quot;:&quot;20&quot;,&quot;title&quot;:&quot;Mercruiser \\\/ Cummins&quot;,&quot;width&quot;:&quot;0&quot;,&quot;_legend&quot;:&quot;{score}\\\/{best} - ({count} {r\u00f6ster})&quot;,&quot;font_factor&quot;:&quot;1.25&quot;}'>\n            \n<div class=\"kksr-stars\">\n    \n<div class=\"kksr-stars-inactive\">\n            <div class=\"kksr-star\" data-star=\"1\" style=\"padding-right: 3px\">\n            \n\n<div class=\"kksr-icon\" style=\"width: 20px; height: 20px;\"><\/div>\n        <\/div>\n            <div class=\"kksr-star\" data-star=\"2\" style=\"padding-right: 3px\">\n            \n\n<div class=\"kksr-icon\" style=\"width: 20px; height: 20px;\"><\/div>\n        <\/div>\n            <div class=\"kksr-star\" data-star=\"3\" style=\"padding-right: 3px\">\n            \n\n<div class=\"kksr-icon\" style=\"width: 20px; height: 20px;\"><\/div>\n        <\/div>\n            <div class=\"kksr-star\" data-star=\"4\" style=\"padding-right: 3px\">\n            \n\n<div class=\"kksr-icon\" style=\"width: 20px; height: 20px;\"><\/div>\n        <\/div>\n            <div class=\"kksr-star\" data-star=\"5\" style=\"padding-right: 3px\">\n            \n\n<div class=\"kksr-icon\" style=\"width: 20px; height: 20px;\"><\/div>\n        <\/div>\n    <\/div>\n    \n<div class=\"kksr-stars-active\" style=\"width: 0px;\">\n            <div class=\"kksr-star\" style=\"padding-right: 3px\">\n            \n\n<div class=\"kksr-icon\" style=\"width: 20px; height: 20px;\"><\/div>\n        <\/div>\n            <div class=\"kksr-star\" style=\"padding-right: 3px\">\n            \n\n<div class=\"kksr-icon\" style=\"width: 20px; height: 20px;\"><\/div>\n        <\/div>\n            <div class=\"kksr-star\" style=\"padding-right: 3px\">\n            \n\n<div class=\"kksr-icon\" style=\"width: 20px; height: 20px;\"><\/div>\n        <\/div>\n            <div class=\"kksr-star\" style=\"padding-right: 3px\">\n            \n\n<div class=\"kksr-icon\" style=\"width: 20px; height: 20px;\"><\/div>\n        <\/div>\n            <div class=\"kksr-star\" style=\"padding-right: 3px\">\n            \n\n<div class=\"kksr-icon\" style=\"width: 20px; height: 20px;\"><\/div>\n        <\/div>\n    <\/div>\n<\/div>\n                \n\n<div class=\"kksr-legend\" style=\"font-size: 16px;\">\n            <span class=\"kksr-muted\">Give a review product<\/span>\n    <\/div>\n    <\/div>\n\t\t<div data-elementor-type=\"wp-page\" data-elementor-id=\"4363\" class=\"elementor elementor-4363\" data-elementor-post-type=\"page\">\n\t\t\t\t\t\t<section class=\"elementor-section elementor-top-section elementor-element elementor-element-7b99348 elementor-section-full_width elementor-section-height-default elementor-section-height-default\" data-id=\"7b99348\" data-element_type=\"section\" data-settings=\"{&quot;background_background&quot;:&quot;classic&quot;}\">\n\t\t\t\t\t\t\t<div class=\"elementor-background-overlay\"><\/div>\n\t\t\t\t\t\t\t<div class=\"elementor-container elementor-column-gap-default\">\n\t\t\t\t\t<div class=\"elementor-column elementor-col-100 elementor-top-column elementor-element elementor-element-8388f14\" data-id=\"8388f14\" data-element_type=\"column\">\n\t\t\t<div class=\"elementor-widget-wrap elementor-element-populated\">\n\t\t\t\t\t\t<div class=\"elementor-element elementor-element-8a7bfc1 elementor-widget elementor-widget-heading\" data-id=\"8a7bfc1\" data-element_type=\"widget\" data-widget_type=\"heading.default\">\n\t\t\t\t<div class=\"elementor-widget-container\">\n\t\t\t<style>\/*! elementor - v3.22.0 - 24-06-2024 *\/\n.elementor-heading-title{padding:0;margin:0;line-height:1}.elementor-widget-heading .elementor-heading-title[class*=elementor-size-]>a{color:inherit;font-size:inherit;line-height:inherit}.elementor-widget-heading .elementor-heading-title.elementor-size-small{font-size:15px}.elementor-widget-heading .elementor-heading-title.elementor-size-medium{font-size:19px}.elementor-widget-heading .elementor-heading-title.elementor-size-large{font-size:29px}.elementor-widget-heading .elementor-heading-title.elementor-size-xl{font-size:39px}.elementor-widget-heading .elementor-heading-title.elementor-size-xxl{font-size:59px}<\/style><h2 class=\"elementor-heading-title elementor-size-default\">MERCRUISER \/ CUMMINS<\/h2>\t\t<\/div>\n\t\t\t\t<\/div>\n\t\t\t\t\t<\/div>\n\t\t<\/div>\n\t\t\t\t\t<\/div>\n\t\t<\/section>\n\t\t\t\t<section class=\"elementor-section elementor-top-section elementor-element elementor-element-5b5614c elementor-section-boxed elementor-section-height-default elementor-section-height-default\" data-id=\"5b5614c\" data-element_type=\"section\" data-settings=\"{&quot;background_background&quot;:&quot;classic&quot;}\">\n\t\t\t\t\t\t<div class=\"elementor-container elementor-column-gap-default\">\n\t\t\t\t\t<div class=\"elementor-column elementor-col-100 elementor-top-column elementor-element elementor-element-95abf5a\" data-id=\"95abf5a\" data-element_type=\"column\">\n\t\t\t<div class=\"elementor-widget-wrap elementor-element-populated\">\n\t\t\t\t\t\t<div class=\"elementor-element elementor-element-b265eca elementor-widget elementor-widget-shop-standard\" data-id=\"b265eca\" data-element_type=\"widget\" data-widget_type=\"shop-standard.default\">\n\t\t\t\t<div class=\"elementor-widget-container\">\n\t\t\t<div class=\"wl-shop wl-shop-standard\" data-settings=\"a:0:{}\">\n<div class=\"wl-ss-product-style\">\n    \t<div class=\"cx-container\">\n\t\t<div class=\"cx-grid\">\n\t\t\t\n\t\t\n\t\t\t   <div class=\"wl-ss-single-product product wl-ss-left\">\n                    \t\t\t\t  \t<div class=\"wl-ss-single-widget\">\n\n\t\t\t\t\t \t\t\t\t\t\t<div class=\"wl-ss-product-img\">\n\n\t\t\t\t\t\t\t \t\t\t\t\t\t\t\t <img decoding=\"async\" src=\"https:\/\/lerkils-batvarv.se\/wp-content\/uploads\/20l-130-diesel.jpg\" alt=\"Mercruiser \/ Cummins\"\/>  \n\t\t\t\t\t\t\t \n\t\t\t\t\t\t<\/div>\n\t\t\t\t\t\t\n\t\t\t\t\t\t <div class=\"wl-ss-product-details\">\n\n\t\t\t\t\t\t\t\n\t\t\t\t\t\t\t<div class=\"wl-ss-product-info\">\n                                \t\t\t\t\t\t\t   \t<div class=\"wl-ss-product-name\"><a class=\"wl-gradient-heading\" href=\"https:\/\/lerkils-batvarv.se\/en\/product\/mercruiser-82-mag-ect\/\">Mercruiser \/ Cummins<\/a><\/div>\n                                \n\t\t\t\t\t\t\t   \t\t\t\t\t\t\t\t\t   <div class=\"wl-ss-product-desc\">\n\t\t\t\t\t\t\t\t\t<p><\/p>\n\t\t\t\t\t\t\t\t   <\/div>\n\t\t\t\t\t\t\t   \t\n\t\t\t\t\t\t\t<\/div>\n\t\t\t\t\t\t\t\t\t\t\t\t\t\t<div class=\"wl-ss-info-icons\">\n\t\t\t\t\t\t\t\t<div class=\"wl-ss-price\">\n\t\t\t\t\t\t\t\t\t<h2 class='price'><\/h2>\n\t\t\t\t\t\t\t\t<\/div>\n\n\t\t\t\t\t\t\t\t\t\t\t\t\t\t\t<\/div>\n\t\t\t\t\t\t <\/div>\n\t\t\t\t  \t<\/div>\n                    \t\t\t   <\/div>\n\n\t\t\t\t<\/div>\n\t<\/div>\n    <\/div>\n\n<div class='wl-ss-pagination'><\/div><\/div>\t\t<\/div>\n\t\t\t\t<\/div>\n\t\t\t\t\t<\/div>\n\t\t<\/div>\n\t\t\t\t\t<\/div>\n\t\t<\/section>\n\t\t\t\t<\/div>","protected":false},"excerpt":{"rendered":"<p>MERCRUISER \/ CUMMINS Mecury Diesel 3,0l Tier 3 TDI 260 Fakta Hk 260 Hk. Br\u00e4nsle: Diesel Mercruiser 3,0 MPI ECT Fakta Hk 135 hk. Br\u00e4nsle: Bensin Mercruiser 3,0 TKS Fakta Hk 135 hk. Br\u00e4nsle: Bensin Mercruiser 350 Mag Fakta Hk 300 Hk. Br\u00e4nsle: Bensin Mercruiser 370 Mag Fakta Hk 320 Hk. Br\u00e4nsle: Bensin Mercruiser 4,3 [&hellip;]<\/p>","protected":false},"author":1,"featured_media":0,"parent":0,"menu_order":0,"comment_status":"closed","ping_status":"closed","template":"","meta":{"_acf_changed":false,"site-sidebar-layout":"no-sidebar","site-content-layout":"page-builder","ast-site-content-layout":"","site-content-style":"default","site-sidebar-style":"default","ast-global-header-display":"","ast-banner-title-visibility":"","ast-main-header-display":"","ast-hfb-above-header-display":"","ast-hfb-below-header-display":"","ast-hfb-mobile-header-display":"","site-post-title":"disabled","ast-breadcrumbs-content":"","ast-featured-img":"disabled","footer-sml-layout":"","theme-transparent-header-meta":"enabled","adv-header-id-meta":"","stick-header-meta":"","header-above-stick-meta":"","header-main-stick-meta":"","header-below-stick-meta":"","astra-migrate-meta-layouts":"default","ast-page-background-enabled":"default","ast-page-background-meta":{"desktop":{"background-color":"","background-image":"","background-repeat":"repeat","background-position":"center center","background-size":"auto","background-attachment":"scroll","background-type":"","background-media":"","overlay-type":"","overlay-color":"","overlay-opacity":"","overlay-gradient":""},"tablet":{"background-color":"","background-image":"","background-repeat":"repeat","background-position":"center center","background-size":"auto","background-attachment":"scroll","background-type":"","background-media":"","overlay-type":"","overlay-color":"","overlay-opacity":"","overlay-gradient":""},"mobile":{"background-color":"","background-image":"","background-repeat":"repeat","background-position":"center center","background-size":"auto","background-attachment":"scroll","background-type":"","background-media":"","overlay-type":"","overlay-color":"","overlay-opacity":"","overlay-gradient":""}},"ast-content-background-meta":{"desktop":{"background-color":"var(--ast-global-color-5)","background-image":"","background-repeat":"repeat","background-position":"center center","background-size":"auto","background-attachment":"scroll","background-type":"","background-media":"","overlay-type":"","overlay-color":"","overlay-opacity":"","overlay-gradient":""},"tablet":{"background-color":"var(--ast-global-color-5)","background-image":"","background-repeat":"repeat","background-position":"center center","background-size":"auto","background-attachment":"scroll","background-type":"","background-media":"","overlay-type":"","overlay-color":"","overlay-opacity":"","overlay-gradient":""},"mobile":{"background-color":"var(--ast-global-color-5)","background-image":"","background-repeat":"repeat","background-position":"center center","background-size":"auto","background-attachment":"scroll","background-type":"","background-media":"","overlay-type":"","overlay-color":"","overlay-opacity":"","overlay-gradient":""}},"footnotes":""},"class_list":["post-4363","page","type-page","status-publish","hentry","desktop-align-left","tablet-align-left","mobile-align-left"],"acf":[],"_links":{"self":[{"href":"https:\/\/lerkils-batvarv.se\/en\/wp-json\/wp\/v2\/pages\/4363"}],"collection":[{"href":"https:\/\/lerkils-batvarv.se\/en\/wp-json\/wp\/v2\/pages"}],"about":[{"href":"https:\/\/lerkils-batvarv.se\/en\/wp-json\/wp\/v2\/types\/page"}],"author":[{"embeddable":true,"href":"https:\/\/lerkils-batvarv.se\/en\/wp-json\/wp\/v2\/users\/1"}],"replies":[{"embeddable":true,"href":"https:\/\/lerkils-batvarv.se\/en\/wp-json\/wp\/v2\/comments?post=4363"}],"version-history":[{"count":0,"href":"https:\/\/lerkils-batvarv.se\/en\/wp-json\/wp\/v2\/pages\/4363\/revisions"}],"wp:attachment":[{"href":"https:\/\/lerkils-batvarv.se\/en\/wp-json\/wp\/v2\/media?parent=4363"}],"curies":[{"name":"wp","href":"https:\/\/api.w.org\/{rel}","templated":true}]}}