{"id":4044,"date":"2021-02-27T21:06:05","date_gmt":"2021-02-27T21:06:05","guid":{"rendered":"https:\/\/lerkils-batvarv.se\/?page_id=4044"},"modified":"2024-04-27T08:27:39","modified_gmt":"2024-04-27T08:27:39","slug":"batar-falcon","status":"publish","type":"page","link":"https:\/\/lerkils-batvarv.se\/en\/batar-falcon\/","title":{"rendered":"FALCON"},"content":{"rendered":"<div class=\"kk-star-ratings kksr-auto kksr-align-left kksr-valign-top\"\n    data-payload='{&quot;align&quot;:&quot;left&quot;,&quot;id&quot;:&quot;3388&quot;,&quot;slug&quot;:&quot;default&quot;,&quot;valign&quot;:&quot;top&quot;,&quot;ignore&quot;:&quot;&quot;,&quot;reference&quot;:&quot;auto&quot;,&quot;class&quot;:&quot;&quot;,&quot;count&quot;:&quot;57&quot;,&quot;legendonly&quot;:&quot;&quot;,&quot;readonly&quot;:&quot;&quot;,&quot;score&quot;:&quot;3.7&quot;,&quot;starsonly&quot;:&quot;&quot;,&quot;best&quot;:&quot;5&quot;,&quot;gap&quot;:&quot;3&quot;,&quot;greet&quot;:&quot;Ge en recension product&quot;,&quot;legend&quot;:&quot;3.7\\\/5 - (57 {r\u00f6ster})&quot;,&quot;size&quot;:&quot;20&quot;,&quot;title&quot;:&quot;Falcon C7&quot;,&quot;width&quot;:&quot;83.6&quot;,&quot;_legend&quot;:&quot;{score}\\\/{best} - ({count} {r\u00f6ster})&quot;,&quot;font_factor&quot;:&quot;1.25&quot;}'>\n            \n<div class=\"kksr-stars\">\n    \n<div class=\"kksr-stars-inactive\">\n            <div class=\"kksr-star\" data-star=\"1\" style=\"padding-right: 3px\">\n            \n\n<div class=\"kksr-icon\" style=\"width: 20px; height: 20px;\"><\/div>\n        <\/div>\n            <div class=\"kksr-star\" data-star=\"2\" style=\"padding-right: 3px\">\n            \n\n<div class=\"kksr-icon\" style=\"width: 20px; height: 20px;\"><\/div>\n        <\/div>\n            <div class=\"kksr-star\" data-star=\"3\" style=\"padding-right: 3px\">\n            \n\n<div class=\"kksr-icon\" style=\"width: 20px; height: 20px;\"><\/div>\n        <\/div>\n            <div class=\"kksr-star\" data-star=\"4\" style=\"padding-right: 3px\">\n            \n\n<div class=\"kksr-icon\" style=\"width: 20px; height: 20px;\"><\/div>\n        <\/div>\n            <div class=\"kksr-star\" data-star=\"5\" style=\"padding-right: 3px\">\n            \n\n<div class=\"kksr-icon\" style=\"width: 20px; height: 20px;\"><\/div>\n        <\/div>\n    <\/div>\n    \n<div class=\"kksr-stars-active\" style=\"width: 83.6px;\">\n            <div class=\"kksr-star\" style=\"padding-right: 3px\">\n            \n\n<div class=\"kksr-icon\" style=\"width: 20px; height: 20px;\"><\/div>\n        <\/div>\n            <div class=\"kksr-star\" style=\"padding-right: 3px\">\n            \n\n<div class=\"kksr-icon\" style=\"width: 20px; height: 20px;\"><\/div>\n        <\/div>\n            <div class=\"kksr-star\" style=\"padding-right: 3px\">\n            \n\n<div class=\"kksr-icon\" style=\"width: 20px; height: 20px;\"><\/div>\n        <\/div>\n            <div class=\"kksr-star\" style=\"padding-right: 3px\">\n            \n\n<div class=\"kksr-icon\" style=\"width: 20px; height: 20px;\"><\/div>\n        <\/div>\n            <div class=\"kksr-star\" style=\"padding-right: 3px\">\n            \n\n<div class=\"kksr-icon\" style=\"width: 20px; height: 20px;\"><\/div>\n        <\/div>\n    <\/div>\n<\/div>\n                \n\n<div class=\"kksr-legend\" style=\"font-size: 16px;\">\n            3.7\/5 - (57 {r\u00f6ster})    <\/div>\n    <\/div>\n\t\t<div data-elementor-type=\"wp-page\" data-elementor-id=\"4044\" class=\"elementor elementor-4044\" data-elementor-post-type=\"page\">\n\t\t\t\t\t\t<section class=\"elementor-section elementor-top-section elementor-element elementor-element-7b99348 elementor-section-full_width elementor-section-height-default elementor-section-height-default\" data-id=\"7b99348\" data-element_type=\"section\" data-settings=\"{&quot;background_background&quot;:&quot;classic&quot;}\">\n\t\t\t\t\t\t\t<div class=\"elementor-background-overlay\"><\/div>\n\t\t\t\t\t\t\t<div class=\"elementor-container elementor-column-gap-default\">\n\t\t\t\t\t<div class=\"elementor-column elementor-col-100 elementor-top-column elementor-element elementor-element-8388f14\" data-id=\"8388f14\" data-element_type=\"column\">\n\t\t\t<div class=\"elementor-widget-wrap elementor-element-populated\">\n\t\t\t\t\t\t<div class=\"elementor-element elementor-element-8a7bfc1 elementor-widget elementor-widget-heading\" data-id=\"8a7bfc1\" data-element_type=\"widget\" data-widget_type=\"heading.default\">\n\t\t\t\t<div class=\"elementor-widget-container\">\n\t\t\t<style>\/*! elementor - v3.22.0 - 24-06-2024 *\/\n.elementor-heading-title{padding:0;margin:0;line-height:1}.elementor-widget-heading .elementor-heading-title[class*=elementor-size-]>a{color:inherit;font-size:inherit;line-height:inherit}.elementor-widget-heading .elementor-heading-title.elementor-size-small{font-size:15px}.elementor-widget-heading .elementor-heading-title.elementor-size-medium{font-size:19px}.elementor-widget-heading .elementor-heading-title.elementor-size-large{font-size:29px}.elementor-widget-heading .elementor-heading-title.elementor-size-xl{font-size:39px}.elementor-widget-heading .elementor-heading-title.elementor-size-xxl{font-size:59px}<\/style><h1 class=\"elementor-heading-title elementor-size-xl\">FALCON<\/h1>\t\t<\/div>\n\t\t\t\t<\/div>\n\t\t\t\t\t<\/div>\n\t\t<\/div>\n\t\t\t\t\t<\/div>\n\t\t<\/section>\n\t\t\t\t<section class=\"elementor-section elementor-top-section elementor-element elementor-element-5b5614c elementor-section-boxed elementor-section-height-default elementor-section-height-default\" data-id=\"5b5614c\" data-element_type=\"section\" data-settings=\"{&quot;background_background&quot;:&quot;classic&quot;}\">\n\t\t\t\t\t\t<div class=\"elementor-container elementor-column-gap-default\">\n\t\t\t\t\t<div class=\"elementor-column elementor-col-100 elementor-top-column elementor-element elementor-element-95abf5a\" data-id=\"95abf5a\" data-element_type=\"column\">\n\t\t\t<div class=\"elementor-widget-wrap elementor-element-populated\">\n\t\t\t\t\t\t<div class=\"elementor-element elementor-element-bb0ea77 elementor-widget elementor-widget-shortcode\" data-id=\"bb0ea77\" data-element_type=\"widget\" data-widget_type=\"shortcode.default\">\n\t\t\t\t<div class=\"elementor-widget-container\">\n\t\t\t\t\t<div class=\"elementor-shortcode\"><\/div>\n\t\t\t\t<\/div>\n\t\t\t\t<\/div>\n\t\t\t\t<div class=\"elementor-element elementor-element-b265eca elementor-widget elementor-widget-shop-standard\" data-id=\"b265eca\" data-element_type=\"widget\" data-widget_type=\"shop-standard.default\">\n\t\t\t\t<div class=\"elementor-widget-container\">\n\t\t\t<div class=\"wl-shop wl-shop-standard\" data-settings=\"a:0:{}\">\n<div class=\"wl-ss-product-style\">\n    \t<div class=\"cx-container\">\n\t\t<div class=\"cx-grid\">\n\t\t\t\n\t\t\n\t\t\t   <div class=\"wl-ss-single-product product wl-ss-left\">\n                    \t\t\t\t  \t<div class=\"wl-ss-single-widget\">\n\n\t\t\t\t\t \t\t\t\t\t\t<div class=\"wl-ss-product-img\">\n\n\t\t\t\t\t\t\t \t\t\t\t\t\t\t\t <a href=\"https:\/\/lerkils-batvarv.se\/en\/product\/falcon-br-5\/\">\n\t\t\t\t\t\t\t\t\t <img decoding=\"async\" src=\"https:\/\/lerkils-batvarv.se\/wp-content\/uploads\/FALCON\/BR5\/73a337c8cd0868ff578186fd2b80cefc_b.jpg\" alt=\"Falcon BR 5\"\/>                              \n\t\t\t\t\t\t\t\t <\/a>\n\t\t\t\t\t\t\t \n\t\t\t\t\t\t<\/div>\n\t\t\t\t\t\t\n\t\t\t\t\t\t <div class=\"wl-ss-product-details\">\n\n\t\t\t\t\t\t\t\n\t\t\t\t\t\t\t<div class=\"wl-ss-product-info\">\n                                \t\t\t\t\t\t\t   \t<div class=\"wl-ss-product-name\"><a class=\"wl-gradient-heading\" href=\"https:\/\/lerkils-batvarv.se\/en\/product\/falcon-br-5\/\">Falcon BR 5<\/a><\/div>\n                                \n\t\t\t\t\t\t\t   \t\t\t\t\t\t\t\t\t   <div class=\"wl-ss-product-desc\">\n\t\t\t\t\t\t\t\t\t<p>Length: 5.43 m Width: 2.05 m Weight: 630 kg Number of people: 6 Max engine: 80 hp<\/p>\n\t\t\t\t\t\t\t\t   <\/div>\n\t\t\t\t\t\t\t   \t\n\t\t\t\t\t\t\t<\/div>\n\t\t\t\t\t\t\t\t\t\t\t\t\t\t<div class=\"wl-ss-info-icons\">\n\t\t\t\t\t\t\t\t<div class=\"wl-ss-price\">\n\t\t\t\t\t\t\t\t\t<h2 class='price'><\/h2>\n\t\t\t\t\t\t\t\t<\/div>\n\n\t\t\t\t\t\t\t\t\t\t\t\t\t\t\t<\/div>\n\t\t\t\t\t\t <\/div>\n\t\t\t\t  \t<\/div>\n                    \t\t\t   <\/div>\n\n\t\t\n\t\t\t   <div class=\"wl-ss-single-product product wl-ss-left\">\n                    \t\t\t\t  \t<div class=\"wl-ss-single-widget\">\n\n\t\t\t\t\t \t\t\t\t\t\t<div class=\"wl-ss-product-img\">\n\n\t\t\t\t\t\t\t \t\t\t\t\t\t\t\t <a href=\"https:\/\/lerkils-batvarv.se\/en\/product\/falcon-br6\/\">\n\t\t\t\t\t\t\t\t\t <img decoding=\"async\" src=\"https:\/\/lerkils-batvarv.se\/wp-content\/uploads\/FALCON\/BR6\/941daf03e90a0338217cf92ff096be28_b-e1623144978478.jpg\" alt=\"Falcon BR6\"\/>                              \n\t\t\t\t\t\t\t\t <\/a>\n\t\t\t\t\t\t\t \n\t\t\t\t\t\t<\/div>\n\t\t\t\t\t\t\n\t\t\t\t\t\t <div class=\"wl-ss-product-details\">\n\n\t\t\t\t\t\t\t\n\t\t\t\t\t\t\t<div class=\"wl-ss-product-info\">\n                                \t\t\t\t\t\t\t   \t<div class=\"wl-ss-product-name\"><a class=\"wl-gradient-heading\" href=\"https:\/\/lerkils-batvarv.se\/en\/product\/falcon-br6\/\">Falcon BR6<\/a><\/div>\n                                \n\t\t\t\t\t\t\t   \t\t\t\t\t\t\t\t\t   <div class=\"wl-ss-product-desc\">\n\t\t\t\t\t\t\t\t\t<p>Length: 5.94 m Width: 2.19 m Weight: 840 kg Number of people: 7 Max engine: 115 hp<\/p>\n\t\t\t\t\t\t\t\t   <\/div>\n\t\t\t\t\t\t\t   \t\n\t\t\t\t\t\t\t<\/div>\n\t\t\t\t\t\t\t\t\t\t\t\t\t\t<div class=\"wl-ss-info-icons\">\n\t\t\t\t\t\t\t\t<div class=\"wl-ss-price\">\n\t\t\t\t\t\t\t\t\t<h2 class='price'><\/h2>\n\t\t\t\t\t\t\t\t<\/div>\n\n\t\t\t\t\t\t\t\t\t\t\t\t\t\t\t<\/div>\n\t\t\t\t\t\t <\/div>\n\t\t\t\t  \t<\/div>\n                    \t\t\t   <\/div>\n\n\t\t\n\t\t\t   <div class=\"wl-ss-single-product product wl-ss-left\">\n                    \t\t\t\t  \t<div class=\"wl-ss-single-widget\">\n\n\t\t\t\t\t \t\t\t\t\t\t<div class=\"wl-ss-product-img\">\n\n\t\t\t\t\t\t\t \t\t\t\t\t\t\t\t <a href=\"https:\/\/lerkils-batvarv.se\/en\/product\/falcon-br7\/\">\n\t\t\t\t\t\t\t\t\t <img decoding=\"async\" src=\"https:\/\/lerkils-batvarv.se\/wp-content\/uploads\/FALCON\/BR7\/9da11f08a76bfbfa3429ba8ba0e1a294_o-1024x651.jpg\" alt=\"Falcon BR7\"\/>                              \n\t\t\t\t\t\t\t\t <\/a>\n\t\t\t\t\t\t\t \n\t\t\t\t\t\t<\/div>\n\t\t\t\t\t\t\n\t\t\t\t\t\t <div class=\"wl-ss-product-details\">\n\n\t\t\t\t\t\t\t\n\t\t\t\t\t\t\t<div class=\"wl-ss-product-info\">\n                                \t\t\t\t\t\t\t   \t<div class=\"wl-ss-product-name\"><a class=\"wl-gradient-heading\" href=\"https:\/\/lerkils-batvarv.se\/en\/product\/falcon-br7\/\">Falcon BR7<\/a><\/div>\n                                \n\t\t\t\t\t\t\t   \t\t\t\t\t\t\t\t\t   <div class=\"wl-ss-product-desc\">\n\t\t\t\t\t\t\t\t\t<p>Length: 6.51 m Width: 2.34 m Weight: 1060 kg Number of people: 7 Max engine: 150 hp<\/p>\n\t\t\t\t\t\t\t\t   <\/div>\n\t\t\t\t\t\t\t   \t\n\t\t\t\t\t\t\t<\/div>\n\t\t\t\t\t\t\t\t\t\t\t\t\t\t<div class=\"wl-ss-info-icons\">\n\t\t\t\t\t\t\t\t<div class=\"wl-ss-price\">\n\t\t\t\t\t\t\t\t\t<h2 class='price'><\/h2>\n\t\t\t\t\t\t\t\t<\/div>\n\n\t\t\t\t\t\t\t\t\t\t\t\t\t\t\t<\/div>\n\t\t\t\t\t\t <\/div>\n\t\t\t\t  \t<\/div>\n                    \t\t\t   <\/div>\n\n\t\t\n\t\t\t   <div class=\"wl-ss-single-product product wl-ss-left\">\n                    \t\t\t\t  \t<div class=\"wl-ss-single-widget\">\n\n\t\t\t\t\t \t\t\t\t\t\t<div class=\"wl-ss-product-img\">\n\n\t\t\t\t\t\t\t \t\t\t\t\t\t\t\t <a href=\"https:\/\/lerkils-batvarv.se\/en\/product\/falcon-br8\/\">\n\t\t\t\t\t\t\t\t\t <img decoding=\"async\" src=\"https:\/\/lerkils-batvarv.se\/wp-content\/uploads\/FALCON\/BR8\/Falcon-BR8_134_mod--scaled-e1623145469382-1024x682.jpg\" alt=\"Falcon BR8\"\/>                              \n\t\t\t\t\t\t\t\t <\/a>\n\t\t\t\t\t\t\t \n\t\t\t\t\t\t<\/div>\n\t\t\t\t\t\t\n\t\t\t\t\t\t <div class=\"wl-ss-product-details\">\n\n\t\t\t\t\t\t\t\n\t\t\t\t\t\t\t<div class=\"wl-ss-product-info\">\n                                \t\t\t\t\t\t\t   \t<div class=\"wl-ss-product-name\"><a class=\"wl-gradient-heading\" href=\"https:\/\/lerkils-batvarv.se\/en\/product\/falcon-br8\/\">Falcon BR8<\/a><\/div>\n                                \n\t\t\t\t\t\t\t   \t\t\t\t\t\t\t\t\t   <div class=\"wl-ss-product-desc\">\n\t\t\t\t\t\t\t\t\t<p>Length: 7.06 m Width: 2.60 m Weight: 1300 kg Number of people: 9 Max engine: 300 hp<\/p>\n\t\t\t\t\t\t\t\t   <\/div>\n\t\t\t\t\t\t\t   \t\n\t\t\t\t\t\t\t<\/div>\n\t\t\t\t\t\t\t\t\t\t\t\t\t\t<div class=\"wl-ss-info-icons\">\n\t\t\t\t\t\t\t\t<div class=\"wl-ss-price\">\n\t\t\t\t\t\t\t\t\t<h2 class='price'><\/h2>\n\t\t\t\t\t\t\t\t<\/div>\n\n\t\t\t\t\t\t\t\t\t\t\t\t\t\t\t<\/div>\n\t\t\t\t\t\t <\/div>\n\t\t\t\t  \t<\/div>\n                    \t\t\t   <\/div>\n\n\t\t\n\t\t\t   <div class=\"wl-ss-single-product product wl-ss-left\">\n                    \t\t\t\t  \t<div class=\"wl-ss-single-widget\">\n\n\t\t\t\t\t \t\t\t\t\t\t<div class=\"wl-ss-product-img\">\n\n\t\t\t\t\t\t\t \t\t\t\t\t\t\t\t <a href=\"https:\/\/lerkils-batvarv.se\/en\/product\/falcon-brs-4\/\">\n\t\t\t\t\t\t\t\t\t <img decoding=\"async\" src=\"https:\/\/lerkils-batvarv.se\/wp-content\/uploads\/FALCON-BRs-4-NYHET-MY22-4-kopia-1024x576.jpg\" alt=\"Falcon BRs 4\"\/>                              \n\t\t\t\t\t\t\t\t <\/a>\n\t\t\t\t\t\t\t \n\t\t\t\t\t\t<\/div>\n\t\t\t\t\t\t\n\t\t\t\t\t\t <div class=\"wl-ss-product-details\">\n\n\t\t\t\t\t\t\t\n\t\t\t\t\t\t\t<div class=\"wl-ss-product-info\">\n                                \t\t\t\t\t\t\t   \t<div class=\"wl-ss-product-name\"><a class=\"wl-gradient-heading\" href=\"https:\/\/lerkils-batvarv.se\/en\/product\/falcon-brs-4\/\">Falcon BRs 4<\/a><\/div>\n                                \n\t\t\t\t\t\t\t   \t\t\t\t\t\t\t\t\t   <div class=\"wl-ss-product-desc\">\n\t\t\t\t\t\t\t\t\t<p>Length: 4.90 m Width: 1.98 m Weight: 460 kg Number of people: 5 Max engine: 60 hp<\/p>\n\t\t\t\t\t\t\t\t   <\/div>\n\t\t\t\t\t\t\t   \t\n\t\t\t\t\t\t\t<\/div>\n\t\t\t\t\t\t\t\t\t\t\t\t\t\t<div class=\"wl-ss-info-icons\">\n\t\t\t\t\t\t\t\t<div class=\"wl-ss-price\">\n\t\t\t\t\t\t\t\t\t<h2 class='price'><\/h2>\n\t\t\t\t\t\t\t\t<\/div>\n\n\t\t\t\t\t\t\t\t\t\t\t\t\t\t\t<\/div>\n\t\t\t\t\t\t <\/div>\n\t\t\t\t  \t<\/div>\n                    \t\t\t   <\/div>\n\n\t\t\n\t\t\t   <div class=\"wl-ss-single-product product wl-ss-left\">\n                    \t\t\t\t  \t<div class=\"wl-ss-single-widget\">\n\n\t\t\t\t\t \t\t\t\t\t\t<div class=\"wl-ss-product-img\">\n\n\t\t\t\t\t\t\t \t\t\t\t\t\t\t\t <a href=\"https:\/\/lerkils-batvarv.se\/en\/product\/falcon-c7\/\">\n\t\t\t\t\t\t\t\t\t <img decoding=\"async\" src=\"https:\/\/lerkils-batvarv.se\/wp-content\/uploads\/FALCON\/C7\/e587cd20ab9f1729b2f729e458064b9a_b.jpg\" alt=\"Falcon C7\"\/>                              \n\t\t\t\t\t\t\t\t <\/a>\n\t\t\t\t\t\t\t \n\t\t\t\t\t\t<\/div>\n\t\t\t\t\t\t\n\t\t\t\t\t\t <div class=\"wl-ss-product-details\">\n\n\t\t\t\t\t\t\t\n\t\t\t\t\t\t\t<div class=\"wl-ss-product-info\">\n                                \t\t\t\t\t\t\t   \t<div class=\"wl-ss-product-name\"><a class=\"wl-gradient-heading\" href=\"https:\/\/lerkils-batvarv.se\/en\/product\/falcon-c7\/\">Falcon C7<\/a><\/div>\n                                \n\t\t\t\t\t\t\t   \t\t\t\t\t\t\t\t\t   <div class=\"wl-ss-product-desc\">\n\t\t\t\t\t\t\t\t\t<p>Length: 6.51m Width: 2.34 m Weight: 1,250 kg Number of people: 7 Max engine: 175 hp<\/p>\n\t\t\t\t\t\t\t\t   <\/div>\n\t\t\t\t\t\t\t   \t\n\t\t\t\t\t\t\t<\/div>\n\t\t\t\t\t\t\t\t\t\t\t\t\t\t<div class=\"wl-ss-info-icons\">\n\t\t\t\t\t\t\t\t<div class=\"wl-ss-price\">\n\t\t\t\t\t\t\t\t\t<h2 class='price'><\/h2>\n\t\t\t\t\t\t\t\t<\/div>\n\n\t\t\t\t\t\t\t\t\t\t\t\t\t\t\t<\/div>\n\t\t\t\t\t\t <\/div>\n\t\t\t\t  \t<\/div>\n                    \t\t\t   <\/div>\n\n\t\t\t\t<\/div>\n\t<\/div>\n    <\/div>\n\n<div class='wl-ss-pagination'><\/div><\/div>\t\t<\/div>\n\t\t\t\t<\/div>\n\t\t\t\t\t<\/div>\n\t\t<\/div>\n\t\t\t\t\t<\/div>\n\t\t<\/section>\n\t\t\t\t<\/div>","protected":false},"excerpt":{"rendered":"<p>FALCON Falcon BR 5 L\u00e4ngd: 5,43 m Bredd: 2,05 m Vikt: 630 kg Antal pers: 6 st Max motor: 80 hk Falcon BR6 L\u00e4ngd: 5,94 m Bredd: 2,19 m Vikt: 840 kg Antal pers: 7 st Max motor: 115 hk Falcon BR7 L\u00e4ngd: 6,51 m Bredd: 2,34 m Vikt: 1060 kg Antal pers: 7 st [&hellip;]<\/p>","protected":false},"author":1,"featured_media":0,"parent":0,"menu_order":0,"comment_status":"closed","ping_status":"closed","template":"","meta":{"_acf_changed":false,"site-sidebar-layout":"no-sidebar","site-content-layout":"page-builder","ast-site-content-layout":"full-width-container","site-content-style":"unboxed","site-sidebar-style":"unboxed","ast-global-header-display":"","ast-banner-title-visibility":"","ast-main-header-display":"","ast-hfb-above-header-display":"","ast-hfb-below-header-display":"","ast-hfb-mobile-header-display":"","site-post-title":"disabled","ast-breadcrumbs-content":"","ast-featured-img":"disabled","footer-sml-layout":"","theme-transparent-header-meta":"enabled","adv-header-id-meta":"","stick-header-meta":"","header-above-stick-meta":"","header-main-stick-meta":"","header-below-stick-meta":"","astra-migrate-meta-layouts":"set","ast-page-background-enabled":"default","ast-page-background-meta":{"desktop":{"background-color":"","background-image":"","background-repeat":"repeat","background-position":"center center","background-size":"auto","background-attachment":"scroll","background-type":"","background-media":"","overlay-type":"","overlay-color":"","overlay-opacity":"","overlay-gradient":""},"tablet":{"background-color":"","background-image":"","background-repeat":"repeat","background-position":"center center","background-size":"auto","background-attachment":"scroll","background-type":"","background-media":"","overlay-type":"","overlay-color":"","overlay-opacity":"","overlay-gradient":""},"mobile":{"background-color":"","background-image":"","background-repeat":"repeat","background-position":"center center","background-size":"auto","background-attachment":"scroll","background-type":"","background-media":"","overlay-type":"","overlay-color":"","overlay-opacity":"","overlay-gradient":""}},"ast-content-background-meta":{"desktop":{"background-color":"var(--ast-global-color-5)","background-image":"","background-repeat":"repeat","background-position":"center center","background-size":"auto","background-attachment":"scroll","background-type":"","background-media":"","overlay-type":"","overlay-color":"","overlay-opacity":"","overlay-gradient":""},"tablet":{"background-color":"var(--ast-global-color-5)","background-image":"","background-repeat":"repeat","background-position":"center center","background-size":"auto","background-attachment":"scroll","background-type":"","background-media":"","overlay-type":"","overlay-color":"","overlay-opacity":"","overlay-gradient":""},"mobile":{"background-color":"var(--ast-global-color-5)","background-image":"","background-repeat":"repeat","background-position":"center center","background-size":"auto","background-attachment":"scroll","background-type":"","background-media":"","overlay-type":"","overlay-color":"","overlay-opacity":"","overlay-gradient":""}},"footnotes":""},"class_list":["post-4044","page","type-page","status-publish","hentry","desktop-align-left","tablet-align-left","mobile-align-left"],"acf":[],"_links":{"self":[{"href":"https:\/\/lerkils-batvarv.se\/en\/wp-json\/wp\/v2\/pages\/4044"}],"collection":[{"href":"https:\/\/lerkils-batvarv.se\/en\/wp-json\/wp\/v2\/pages"}],"about":[{"href":"https:\/\/lerkils-batvarv.se\/en\/wp-json\/wp\/v2\/types\/page"}],"author":[{"embeddable":true,"href":"https:\/\/lerkils-batvarv.se\/en\/wp-json\/wp\/v2\/users\/1"}],"replies":[{"embeddable":true,"href":"https:\/\/lerkils-batvarv.se\/en\/wp-json\/wp\/v2\/comments?post=4044"}],"version-history":[{"count":8,"href":"https:\/\/lerkils-batvarv.se\/en\/wp-json\/wp\/v2\/pages\/4044\/revisions"}],"predecessor-version":[{"id":12653,"href":"https:\/\/lerkils-batvarv.se\/en\/wp-json\/wp\/v2\/pages\/4044\/revisions\/12653"}],"wp:attachment":[{"href":"https:\/\/lerkils-batvarv.se\/en\/wp-json\/wp\/v2\/media?parent=4044"}],"curies":[{"name":"wp","href":"https:\/\/api.w.org\/{rel}","templated":true}]}}