{"id":4025,"date":"2021-02-27T20:50:37","date_gmt":"2021-02-27T20:50:37","guid":{"rendered":"https:\/\/lerkils-batvarv.se\/?page_id=4025"},"modified":"2024-04-27T08:22:57","modified_gmt":"2024-04-27T08:22:57","slug":"batar-bella-2","status":"publish","type":"page","link":"https:\/\/lerkils-batvarv.se\/en\/batar-bella-2\/","title":{"rendered":"BELLA"},"content":{"rendered":"<div class=\"kk-star-ratings kksr-auto kksr-align-left kksr-valign-top\"\n    data-payload='{&quot;align&quot;:&quot;left&quot;,&quot;id&quot;:&quot;3372&quot;,&quot;slug&quot;:&quot;default&quot;,&quot;valign&quot;:&quot;top&quot;,&quot;ignore&quot;:&quot;&quot;,&quot;reference&quot;:&quot;auto&quot;,&quot;class&quot;:&quot;&quot;,&quot;count&quot;:&quot;32&quot;,&quot;legendonly&quot;:&quot;&quot;,&quot;readonly&quot;:&quot;&quot;,&quot;score&quot;:&quot;3.7&quot;,&quot;starsonly&quot;:&quot;&quot;,&quot;best&quot;:&quot;5&quot;,&quot;gap&quot;:&quot;3&quot;,&quot;greet&quot;:&quot;Ge en recension product&quot;,&quot;legend&quot;:&quot;3.7\\\/5 - (32 {r\u00f6ster})&quot;,&quot;size&quot;:&quot;20&quot;,&quot;title&quot;:&quot;Bella 640 DC&quot;,&quot;width&quot;:&quot;83.6&quot;,&quot;_legend&quot;:&quot;{score}\\\/{best} - ({count} {r\u00f6ster})&quot;,&quot;font_factor&quot;:&quot;1.25&quot;}'>\n            \n<div class=\"kksr-stars\">\n    \n<div class=\"kksr-stars-inactive\">\n            <div class=\"kksr-star\" data-star=\"1\" style=\"padding-right: 3px\">\n            \n\n<div class=\"kksr-icon\" style=\"width: 20px; height: 20px;\"><\/div>\n        <\/div>\n            <div class=\"kksr-star\" data-star=\"2\" style=\"padding-right: 3px\">\n            \n\n<div class=\"kksr-icon\" style=\"width: 20px; height: 20px;\"><\/div>\n        <\/div>\n            <div class=\"kksr-star\" data-star=\"3\" style=\"padding-right: 3px\">\n            \n\n<div class=\"kksr-icon\" style=\"width: 20px; height: 20px;\"><\/div>\n        <\/div>\n            <div class=\"kksr-star\" data-star=\"4\" style=\"padding-right: 3px\">\n            \n\n<div class=\"kksr-icon\" style=\"width: 20px; height: 20px;\"><\/div>\n        <\/div>\n            <div class=\"kksr-star\" data-star=\"5\" style=\"padding-right: 3px\">\n            \n\n<div class=\"kksr-icon\" style=\"width: 20px; height: 20px;\"><\/div>\n        <\/div>\n    <\/div>\n    \n<div class=\"kksr-stars-active\" style=\"width: 83.6px;\">\n            <div class=\"kksr-star\" style=\"padding-right: 3px\">\n            \n\n<div class=\"kksr-icon\" style=\"width: 20px; height: 20px;\"><\/div>\n        <\/div>\n            <div class=\"kksr-star\" style=\"padding-right: 3px\">\n            \n\n<div class=\"kksr-icon\" style=\"width: 20px; height: 20px;\"><\/div>\n        <\/div>\n            <div class=\"kksr-star\" style=\"padding-right: 3px\">\n            \n\n<div class=\"kksr-icon\" style=\"width: 20px; height: 20px;\"><\/div>\n        <\/div>\n            <div class=\"kksr-star\" style=\"padding-right: 3px\">\n            \n\n<div class=\"kksr-icon\" style=\"width: 20px; height: 20px;\"><\/div>\n        <\/div>\n            <div class=\"kksr-star\" style=\"padding-right: 3px\">\n            \n\n<div class=\"kksr-icon\" style=\"width: 20px; height: 20px;\"><\/div>\n        <\/div>\n    <\/div>\n<\/div>\n                \n\n<div class=\"kksr-legend\" style=\"font-size: 16px;\">\n            3.7\/5 - (32 {votes})    <\/div>\n    <\/div>\n\t\t<div data-elementor-type=\"wp-page\" data-elementor-id=\"4025\" class=\"elementor elementor-4025\" data-elementor-post-type=\"page\">\n\t\t\t\t\t\t<section class=\"elementor-section elementor-top-section elementor-element elementor-element-7b99348 elementor-section-full_width elementor-section-height-default elementor-section-height-default\" data-id=\"7b99348\" data-element_type=\"section\" data-settings=\"{&quot;background_background&quot;:&quot;classic&quot;}\">\n\t\t\t\t\t\t\t<div class=\"elementor-background-overlay\"><\/div>\n\t\t\t\t\t\t\t<div class=\"elementor-container elementor-column-gap-default\">\n\t\t\t\t\t<div class=\"elementor-column elementor-col-100 elementor-top-column elementor-element elementor-element-8388f14\" data-id=\"8388f14\" data-element_type=\"column\">\n\t\t\t<div class=\"elementor-widget-wrap elementor-element-populated\">\n\t\t\t\t\t\t<div class=\"elementor-element elementor-element-8a7bfc1 elementor-widget elementor-widget-heading\" data-id=\"8a7bfc1\" data-element_type=\"widget\" data-widget_type=\"heading.default\">\n\t\t\t\t<div class=\"elementor-widget-container\">\n\t\t\t<style>\/*! elementor - v3.22.0 - 24-06-2024 *\/\n.elementor-heading-title{padding:0;margin:0;line-height:1}.elementor-widget-heading .elementor-heading-title[class*=elementor-size-]>a{color:inherit;font-size:inherit;line-height:inherit}.elementor-widget-heading .elementor-heading-title.elementor-size-small{font-size:15px}.elementor-widget-heading .elementor-heading-title.elementor-size-medium{font-size:19px}.elementor-widget-heading .elementor-heading-title.elementor-size-large{font-size:29px}.elementor-widget-heading .elementor-heading-title.elementor-size-xl{font-size:39px}.elementor-widget-heading .elementor-heading-title.elementor-size-xxl{font-size:59px}<\/style><h1 class=\"elementor-heading-title elementor-size-xxl\">BELLA<\/h1>\t\t<\/div>\n\t\t\t\t<\/div>\n\t\t\t\t\t<\/div>\n\t\t<\/div>\n\t\t\t\t\t<\/div>\n\t\t<\/section>\n\t\t\t\t<section class=\"elementor-section elementor-top-section elementor-element elementor-element-5b5614c elementor-section-boxed elementor-section-height-default elementor-section-height-default\" data-id=\"5b5614c\" data-element_type=\"section\" data-settings=\"{&quot;background_background&quot;:&quot;classic&quot;}\">\n\t\t\t\t\t\t<div class=\"elementor-container elementor-column-gap-default\">\n\t\t\t\t\t<div class=\"elementor-column elementor-col-100 elementor-top-column elementor-element elementor-element-95abf5a\" data-id=\"95abf5a\" data-element_type=\"column\">\n\t\t\t<div class=\"elementor-widget-wrap elementor-element-populated\">\n\t\t\t\t\t\t<div class=\"elementor-element elementor-element-2383125 elementor-widget elementor-widget-shortcode\" data-id=\"2383125\" data-element_type=\"widget\" data-widget_type=\"shortcode.default\">\n\t\t\t\t<div class=\"elementor-widget-container\">\n\t\t\t\t\t<div class=\"elementor-shortcode\"><\/div>\n\t\t\t\t<\/div>\n\t\t\t\t<\/div>\n\t\t\t\t<div class=\"elementor-element elementor-element-b265eca elementor-widget elementor-widget-shop-standard\" data-id=\"b265eca\" data-element_type=\"widget\" data-widget_type=\"shop-standard.default\">\n\t\t\t\t<div class=\"elementor-widget-container\">\n\t\t\t<div class=\"wl-shop wl-shop-standard\" data-settings=\"a:0:{}\">\n<div class=\"wl-ss-product-style\">\n    \t<div class=\"cx-container\">\n\t\t<div class=\"cx-grid\">\n\t\t\t\n\t\t\n\t\t\t   <div class=\"wl-ss-single-product product wl-ss-left\">\n                    \t\t\t\t  \t<div class=\"wl-ss-single-widget\">\n\n\t\t\t\t\t \t\t\t\t\t\t<div class=\"wl-ss-product-img\">\n\n\t\t\t\t\t\t\t \t\t\t\t\t\t\t\t <a href=\"https:\/\/lerkils-batvarv.se\/en\/product\/c62-br-16-3\/\">\n\t\t\t\t\t\t\t\t\t <img decoding=\"async\" src=\"https:\/\/lerkils-batvarv.se\/wp-content\/uploads\/b4d0680925c92239cd065a7b793d2de4_o-1-1024x683.jpg\" alt=\"Bella 500 BR\"\/>                              \n\t\t\t\t\t\t\t\t <\/a>\n\t\t\t\t\t\t\t \n\t\t\t\t\t\t<\/div>\n\t\t\t\t\t\t\n\t\t\t\t\t\t <div class=\"wl-ss-product-details\">\n\n\t\t\t\t\t\t\t\n\t\t\t\t\t\t\t<div class=\"wl-ss-product-info\">\n                                \t\t\t\t\t\t\t   \t<div class=\"wl-ss-product-name\"><a class=\"wl-gradient-heading\" href=\"https:\/\/lerkils-batvarv.se\/en\/product\/c62-br-16-3\/\">Bella 500 BR<\/a><\/div>\n                                \n\t\t\t\t\t\t\t   \t\t\t\t\t\t\t\t\t   <div class=\"wl-ss-product-desc\">\n\t\t\t\t\t\t\t\t\t<p>Length: 5.01 m Width: 2.01 m Weight: 575 kg Number of people: 6 Max engine: 80 hp<\/p>\n\t\t\t\t\t\t\t\t   <\/div>\n\t\t\t\t\t\t\t   \t\n\t\t\t\t\t\t\t<\/div>\n\t\t\t\t\t\t\t\t\t\t\t\t\t\t<div class=\"wl-ss-info-icons\">\n\t\t\t\t\t\t\t\t<div class=\"wl-ss-price\">\n\t\t\t\t\t\t\t\t\t<h2 class='price'><\/h2>\n\t\t\t\t\t\t\t\t<\/div>\n\n\t\t\t\t\t\t\t\t\t\t\t\t\t\t\t<\/div>\n\t\t\t\t\t\t <\/div>\n\t\t\t\t  \t<\/div>\n                    \t\t\t   <\/div>\n\n\t\t\n\t\t\t   <div class=\"wl-ss-single-product product wl-ss-left\">\n                    \t\t\t\t  \t<div class=\"wl-ss-single-widget\">\n\n\t\t\t\t\t \t\t\t\t\t\t<div class=\"wl-ss-product-img\">\n\n\t\t\t\t\t\t\t \t\t\t\t\t\t\t\t <a href=\"https:\/\/lerkils-batvarv.se\/en\/product\/bella-550-br\/\">\n\t\t\t\t\t\t\t\t\t <img decoding=\"async\" src=\"https:\/\/lerkils-batvarv.se\/wp-content\/uploads\/BELLA\/550BR\/52cc252f9660f564d207d5ea9a24a306_o-1024x683.jpg\" alt=\"Bella 550 BR\"\/>                              \n\t\t\t\t\t\t\t\t <\/a>\n\t\t\t\t\t\t\t \n\t\t\t\t\t\t<\/div>\n\t\t\t\t\t\t\n\t\t\t\t\t\t <div class=\"wl-ss-product-details\">\n\n\t\t\t\t\t\t\t\n\t\t\t\t\t\t\t<div class=\"wl-ss-product-info\">\n                                \t\t\t\t\t\t\t   \t<div class=\"wl-ss-product-name\"><a class=\"wl-gradient-heading\" href=\"https:\/\/lerkils-batvarv.se\/en\/product\/bella-550-br\/\">Bella 550 BR<\/a><\/div>\n                                \n\t\t\t\t\t\t\t   \t\t\t\t\t\t\t\t\t   <div class=\"wl-ss-product-desc\">\n\t\t\t\t\t\t\t\t\t<p>Length: 5.53 m Width: 2.15 m Weight: 650 kg Number of people: 7 Max engine: 115 hp<\/p>\n\t\t\t\t\t\t\t\t   <\/div>\n\t\t\t\t\t\t\t   \t\n\t\t\t\t\t\t\t<\/div>\n\t\t\t\t\t\t\t\t\t\t\t\t\t\t<div class=\"wl-ss-info-icons\">\n\t\t\t\t\t\t\t\t<div class=\"wl-ss-price\">\n\t\t\t\t\t\t\t\t\t<h2 class='price'><\/h2>\n\t\t\t\t\t\t\t\t<\/div>\n\n\t\t\t\t\t\t\t\t\t\t\t\t\t\t\t<\/div>\n\t\t\t\t\t\t <\/div>\n\t\t\t\t  \t<\/div>\n                    \t\t\t   <\/div>\n\n\t\t\n\t\t\t   <div class=\"wl-ss-single-product product wl-ss-left\">\n                    \t\t\t\t  \t<div class=\"wl-ss-single-widget\">\n\n\t\t\t\t\t \t\t\t\t\t\t<div class=\"wl-ss-product-img\">\n\n\t\t\t\t\t\t\t \t\t\t\t\t\t\t\t <a href=\"https:\/\/lerkils-batvarv.se\/en\/product\/bella-550-r\/\">\n\t\t\t\t\t\t\t\t\t <img decoding=\"async\" src=\"https:\/\/lerkils-batvarv.se\/wp-content\/uploads\/Bella-550_R-3-1024x683.jpg\" alt=\"Bella 550 R\"\/>                              \n\t\t\t\t\t\t\t\t <\/a>\n\t\t\t\t\t\t\t \n\t\t\t\t\t\t<\/div>\n\t\t\t\t\t\t\n\t\t\t\t\t\t <div class=\"wl-ss-product-details\">\n\n\t\t\t\t\t\t\t\n\t\t\t\t\t\t\t<div class=\"wl-ss-product-info\">\n                                \t\t\t\t\t\t\t   \t<div class=\"wl-ss-product-name\"><a class=\"wl-gradient-heading\" href=\"https:\/\/lerkils-batvarv.se\/en\/product\/bella-550-r\/\">Bella 550 R<\/a><\/div>\n                                \n\t\t\t\t\t\t\t   \t\t\t\t\t\t\t\t\t   <div class=\"wl-ss-product-desc\">\n\t\t\t\t\t\t\t\t\t<p>Length: 5.53 m Width: 2.15 m Weight: 650 kg Number of people: 7 Max engine: 115 hp<\/p>\n\t\t\t\t\t\t\t\t   <\/div>\n\t\t\t\t\t\t\t   \t\n\t\t\t\t\t\t\t<\/div>\n\t\t\t\t\t\t\t\t\t\t\t\t\t\t<div class=\"wl-ss-info-icons\">\n\t\t\t\t\t\t\t\t<div class=\"wl-ss-price\">\n\t\t\t\t\t\t\t\t\t<h2 class='price'><\/h2>\n\t\t\t\t\t\t\t\t<\/div>\n\n\t\t\t\t\t\t\t\t\t\t\t\t\t\t\t<\/div>\n\t\t\t\t\t\t <\/div>\n\t\t\t\t  \t<\/div>\n                    \t\t\t   <\/div>\n\n\t\t\n\t\t\t   <div class=\"wl-ss-single-product product wl-ss-left\">\n                    \t\t\t\t  \t<div class=\"wl-ss-single-widget\">\n\n\t\t\t\t\t \t\t\t\t\t\t<div class=\"wl-ss-product-img\">\n\n\t\t\t\t\t\t\t \t\t\t\t\t\t\t\t <a href=\"https:\/\/lerkils-batvarv.se\/en\/product\/bella-600-br\/\">\n\t\t\t\t\t\t\t\t\t <img decoding=\"async\" src=\"https:\/\/lerkils-batvarv.se\/wp-content\/uploads\/B600BR_Facelift_2017_1-1024x683.jpg\" alt=\"Bella 600 BR\"\/>                              \n\t\t\t\t\t\t\t\t <\/a>\n\t\t\t\t\t\t\t \n\t\t\t\t\t\t<\/div>\n\t\t\t\t\t\t\n\t\t\t\t\t\t <div class=\"wl-ss-product-details\">\n\n\t\t\t\t\t\t\t\n\t\t\t\t\t\t\t<div class=\"wl-ss-product-info\">\n                                \t\t\t\t\t\t\t   \t<div class=\"wl-ss-product-name\"><a class=\"wl-gradient-heading\" href=\"https:\/\/lerkils-batvarv.se\/en\/product\/bella-600-br\/\">Bella 600 BR<\/a><\/div>\n                                \n\t\t\t\t\t\t\t   \t\t\t\t\t\t\t\t\t   <div class=\"wl-ss-product-desc\">\n\t\t\t\t\t\t\t\t\t<p>Length: 6.05 m Width: 2.34 m Weight: 1000 kg Number of people: 7 Max engine: 150 hp<\/p>\n\t\t\t\t\t\t\t\t   <\/div>\n\t\t\t\t\t\t\t   \t\n\t\t\t\t\t\t\t<\/div>\n\t\t\t\t\t\t\t\t\t\t\t\t\t\t<div class=\"wl-ss-info-icons\">\n\t\t\t\t\t\t\t\t<div class=\"wl-ss-price\">\n\t\t\t\t\t\t\t\t\t<h2 class='price'><\/h2>\n\t\t\t\t\t\t\t\t<\/div>\n\n\t\t\t\t\t\t\t\t\t\t\t\t\t\t\t<\/div>\n\t\t\t\t\t\t <\/div>\n\t\t\t\t  \t<\/div>\n                    \t\t\t   <\/div>\n\n\t\t\n\t\t\t   <div class=\"wl-ss-single-product product wl-ss-left\">\n                    \t\t\t\t  \t<div class=\"wl-ss-single-widget\">\n\n\t\t\t\t\t \t\t\t\t\t\t<div class=\"wl-ss-product-img\">\n\n\t\t\t\t\t\t\t \t\t\t\t\t\t\t\t <a href=\"https:\/\/lerkils-batvarv.se\/en\/product\/bella-600-r\/\">\n\t\t\t\t\t\t\t\t\t <img decoding=\"async\" src=\"https:\/\/lerkils-batvarv.se\/wp-content\/uploads\/Bella-600r-scaled-e1705481701599-1024x556.jpg\" alt=\"Bella 600 R\"\/>                              \n\t\t\t\t\t\t\t\t <\/a>\n\t\t\t\t\t\t\t \n\t\t\t\t\t\t<\/div>\n\t\t\t\t\t\t\n\t\t\t\t\t\t <div class=\"wl-ss-product-details\">\n\n\t\t\t\t\t\t\t\n\t\t\t\t\t\t\t<div class=\"wl-ss-product-info\">\n                                \t\t\t\t\t\t\t   \t<div class=\"wl-ss-product-name\"><a class=\"wl-gradient-heading\" href=\"https:\/\/lerkils-batvarv.se\/en\/product\/bella-600-r\/\">Bella 600 R<\/a><\/div>\n                                \n\t\t\t\t\t\t\t   \t\t\t\t\t\t\t\t\t   <div class=\"wl-ss-product-desc\">\n\t\t\t\t\t\t\t\t\t<p>Length: 6.05 m Width: 2.34 m Weight: 900 kg Number of people: 7 Max engine: 150 hp<\/p>\n\t\t\t\t\t\t\t\t   <\/div>\n\t\t\t\t\t\t\t   \t\n\t\t\t\t\t\t\t<\/div>\n\t\t\t\t\t\t\t\t\t\t\t\t\t\t<div class=\"wl-ss-info-icons\">\n\t\t\t\t\t\t\t\t<div class=\"wl-ss-price\">\n\t\t\t\t\t\t\t\t\t<h2 class='price'><\/h2>\n\t\t\t\t\t\t\t\t<\/div>\n\n\t\t\t\t\t\t\t\t\t\t\t\t\t\t\t<\/div>\n\t\t\t\t\t\t <\/div>\n\t\t\t\t  \t<\/div>\n                    \t\t\t   <\/div>\n\n\t\t\n\t\t\t   <div class=\"wl-ss-single-product product wl-ss-left\">\n                    \t\t\t\t  \t<div class=\"wl-ss-single-widget\">\n\n\t\t\t\t\t \t\t\t\t\t\t<div class=\"wl-ss-product-img\">\n\n\t\t\t\t\t\t\t \t\t\t\t\t\t\t\t <a href=\"https:\/\/lerkils-batvarv.se\/en\/product\/bella-620-c\/\">\n\t\t\t\t\t\t\t\t\t <img decoding=\"async\" src=\"https:\/\/lerkils-batvarv.se\/wp-content\/uploads\/BELLA\/620C\/Bella-620-C_108-1024x683.jpg\" alt=\"Bella 620 C\"\/>                              \n\t\t\t\t\t\t\t\t <\/a>\n\t\t\t\t\t\t\t \n\t\t\t\t\t\t<\/div>\n\t\t\t\t\t\t\n\t\t\t\t\t\t <div class=\"wl-ss-product-details\">\n\n\t\t\t\t\t\t\t\n\t\t\t\t\t\t\t<div class=\"wl-ss-product-info\">\n                                \t\t\t\t\t\t\t   \t<div class=\"wl-ss-product-name\"><a class=\"wl-gradient-heading\" href=\"https:\/\/lerkils-batvarv.se\/en\/product\/bella-620-c\/\">Bella 620 C<\/a><\/div>\n                                \n\t\t\t\t\t\t\t   \t\t\t\t\t\t\t\t\t   <div class=\"wl-ss-product-desc\">\n\t\t\t\t\t\t\t\t\t<p>Length: 6.35 m Width: 2.34 m Weight: 1,100 kg Number of people: 7 pcs. Max engine: 150 hp<\/p>\n\t\t\t\t\t\t\t\t   <\/div>\n\t\t\t\t\t\t\t   \t\n\t\t\t\t\t\t\t<\/div>\n\t\t\t\t\t\t\t\t\t\t\t\t\t\t<div class=\"wl-ss-info-icons\">\n\t\t\t\t\t\t\t\t<div class=\"wl-ss-price\">\n\t\t\t\t\t\t\t\t\t<h2 class='price'><\/h2>\n\t\t\t\t\t\t\t\t<\/div>\n\n\t\t\t\t\t\t\t\t\t\t\t\t\t\t\t<\/div>\n\t\t\t\t\t\t <\/div>\n\t\t\t\t  \t<\/div>\n                    \t\t\t   <\/div>\n\n\t\t\n\t\t\t   <div class=\"wl-ss-single-product product wl-ss-left\">\n                    \t\t\t\t  \t<div class=\"wl-ss-single-widget\">\n\n\t\t\t\t\t \t\t\t\t\t\t<div class=\"wl-ss-product-img\">\n\n\t\t\t\t\t\t\t \t\t\t\t\t\t\t\t <a href=\"https:\/\/lerkils-batvarv.se\/en\/product\/bella-640-dc\/\">\n\t\t\t\t\t\t\t\t\t <img decoding=\"async\" src=\"https:\/\/lerkils-batvarv.se\/wp-content\/uploads\/BELLA\/640DCNY\/dae3ed02165dbfb1aa42f76be0a73fdd_b.jpg\" alt=\"Bella 640 DC\"\/>                              \n\t\t\t\t\t\t\t\t <\/a>\n\t\t\t\t\t\t\t \n\t\t\t\t\t\t<\/div>\n\t\t\t\t\t\t\n\t\t\t\t\t\t <div class=\"wl-ss-product-details\">\n\n\t\t\t\t\t\t\t\n\t\t\t\t\t\t\t<div class=\"wl-ss-product-info\">\n                                \t\t\t\t\t\t\t   \t<div class=\"wl-ss-product-name\"><a class=\"wl-gradient-heading\" href=\"https:\/\/lerkils-batvarv.se\/en\/product\/bella-640-dc\/\">Bella 640 DC<\/a><\/div>\n                                \n\t\t\t\t\t\t\t   \t\t\t\t\t\t\t\t\t   <div class=\"wl-ss-product-desc\">\n\t\t\t\t\t\t\t\t\t<p>Length: 6.58 m Width: 2.34 m Weight: 1,200 kg Number of people: 7 Max engine: 150 hp<\/p>\n\t\t\t\t\t\t\t\t   <\/div>\n\t\t\t\t\t\t\t   \t\n\t\t\t\t\t\t\t<\/div>\n\t\t\t\t\t\t\t\t\t\t\t\t\t\t<div class=\"wl-ss-info-icons\">\n\t\t\t\t\t\t\t\t<div class=\"wl-ss-price\">\n\t\t\t\t\t\t\t\t\t<h2 class='price'><\/h2>\n\t\t\t\t\t\t\t\t<\/div>\n\n\t\t\t\t\t\t\t\t\t\t\t\t\t\t\t<\/div>\n\t\t\t\t\t\t <\/div>\n\t\t\t\t  \t<\/div>\n                    \t\t\t   <\/div>\n\n\t\t\t\t<\/div>\n\t<\/div>\n    <\/div>\n\n<div class='wl-ss-pagination'><\/div><\/div>\t\t<\/div>\n\t\t\t\t<\/div>\n\t\t\t\t\t<\/div>\n\t\t<\/div>\n\t\t\t\t\t<\/div>\n\t\t<\/section>\n\t\t\t\t<\/div>","protected":false},"excerpt":{"rendered":"<p>BELLA Bella 500 BR L\u00e4ngd: 5,01 m Bredd: 2,01 m Vikt: 575 kg Antal pers: 6 st Max motor: 80 hk Bella 550 BR L\u00e4ngd: 5,53 m Bredd: 2,15 m Vikt: 650 kg Antal pers: 7 st Max motor: 115 hk Bella 550 R L\u00e4ngd: 5,53 m Bredd: 2,15 m Vikt: 650 kg Antal pers: [&hellip;]<\/p>","protected":false},"author":1,"featured_media":0,"parent":0,"menu_order":0,"comment_status":"closed","ping_status":"closed","template":"","meta":{"_acf_changed":false,"site-sidebar-layout":"no-sidebar","site-content-layout":"page-builder","ast-site-content-layout":"","site-content-style":"default","site-sidebar-style":"default","ast-global-header-display":"","ast-banner-title-visibility":"","ast-main-header-display":"","ast-hfb-above-header-display":"","ast-hfb-below-header-display":"","ast-hfb-mobile-header-display":"","site-post-title":"disabled","ast-breadcrumbs-content":"","ast-featured-img":"disabled","footer-sml-layout":"","theme-transparent-header-meta":"enabled","adv-header-id-meta":"","stick-header-meta":"","header-above-stick-meta":"","header-main-stick-meta":"","header-below-stick-meta":"","astra-migrate-meta-layouts":"default","ast-page-background-enabled":"default","ast-page-background-meta":{"desktop":{"background-color":"","background-image":"","background-repeat":"repeat","background-position":"center center","background-size":"auto","background-attachment":"scroll","background-type":"","background-media":"","overlay-type":"","overlay-color":"","overlay-opacity":"","overlay-gradient":""},"tablet":{"background-color":"","background-image":"","background-repeat":"repeat","background-position":"center center","background-size":"auto","background-attachment":"scroll","background-type":"","background-media":"","overlay-type":"","overlay-color":"","overlay-opacity":"","overlay-gradient":""},"mobile":{"background-color":"","background-image":"","background-repeat":"repeat","background-position":"center center","background-size":"auto","background-attachment":"scroll","background-type":"","background-media":"","overlay-type":"","overlay-color":"","overlay-opacity":"","overlay-gradient":""}},"ast-content-background-meta":{"desktop":{"background-color":"var(--ast-global-color-5)","background-image":"","background-repeat":"repeat","background-position":"center center","background-size":"auto","background-attachment":"scroll","background-type":"","background-media":"","overlay-type":"","overlay-color":"","overlay-opacity":"","overlay-gradient":""},"tablet":{"background-color":"var(--ast-global-color-5)","background-image":"","background-repeat":"repeat","background-position":"center center","background-size":"auto","background-attachment":"scroll","background-type":"","background-media":"","overlay-type":"","overlay-color":"","overlay-opacity":"","overlay-gradient":""},"mobile":{"background-color":"var(--ast-global-color-5)","background-image":"","background-repeat":"repeat","background-position":"center center","background-size":"auto","background-attachment":"scroll","background-type":"","background-media":"","overlay-type":"","overlay-color":"","overlay-opacity":"","overlay-gradient":""}},"footnotes":""},"class_list":["post-4025","page","type-page","status-publish","hentry","desktop-align-left","tablet-align-left","mobile-align-left"],"acf":[],"_links":{"self":[{"href":"https:\/\/lerkils-batvarv.se\/en\/wp-json\/wp\/v2\/pages\/4025"}],"collection":[{"href":"https:\/\/lerkils-batvarv.se\/en\/wp-json\/wp\/v2\/pages"}],"about":[{"href":"https:\/\/lerkils-batvarv.se\/en\/wp-json\/wp\/v2\/types\/page"}],"author":[{"embeddable":true,"href":"https:\/\/lerkils-batvarv.se\/en\/wp-json\/wp\/v2\/users\/1"}],"replies":[{"embeddable":true,"href":"https:\/\/lerkils-batvarv.se\/en\/wp-json\/wp\/v2\/comments?post=4025"}],"version-history":[{"count":4,"href":"https:\/\/lerkils-batvarv.se\/en\/wp-json\/wp\/v2\/pages\/4025\/revisions"}],"predecessor-version":[{"id":12629,"href":"https:\/\/lerkils-batvarv.se\/en\/wp-json\/wp\/v2\/pages\/4025\/revisions\/12629"}],"wp:attachment":[{"href":"https:\/\/lerkils-batvarv.se\/en\/wp-json\/wp\/v2\/media?parent=4025"}],"curies":[{"name":"wp","href":"https:\/\/api.w.org\/{rel}","templated":true}]}}